{"id":21,"date":"2021-03-29T10:25:26","date_gmt":"2021-03-29T10:25:26","guid":{"rendered":"http:\/\/www.vidipozitivno.club\/si\/?page_id=21"},"modified":"2021-07-10T13:47:44","modified_gmt":"2021-07-10T13:47:44","slug":"zemljevid-slovenija","status":"publish","type":"page","link":"https:\/\/www.vidipozitivno.club\/si\/zemljevid-slovenija\/","title":{"rendered":"Zemljevid Slovenije z mesti in ulicami"},"content":{"rendered":"\n<p>Podrobni <strong>zemljevidi<\/strong> za ve\u010dja mesta v Sloveniji, ki prikazujejo ulice, okolico, soseske, pomembne institucije, objekte, lokacije, trgovine, lekarne in \u0161e ve\u010d, kot <strong>avtokarte<\/strong> pa olaj\u0161ajo tudi navigacijo po krajih.<\/p>\n<p>Ta <strong>zemljevid za Slovenijo<\/strong> je interaktiven, ker lahko za\u010detni pogled pove\u010date ali zmanj\u0161ate, da si na zemljevidu ogledate ve\u010d podrobnosti in ulic.<\/p>\n<p>Zemljevid za:<br \/>\n<a href=\"http:\/\/www.vidipozitivno.club\/si\/zemljevid-slovenija\/zemljevid-ljubljana\/\">Ljubljana<\/a><br \/>\n<a href=\"http:\/\/www.vidipozitivno.club\/si\/zemljevid-slovenija\/zemljevid-maribor\/\">Maribor<\/a><\/p>\n","protected":false},"excerpt":{"rendered":"<p>Podrobni zemljevidi za ve\u010dja mesta v Sloveniji, ki prikazujejo ulice, okolico, soseske, pomembne institucije, objekte, lokacije, trgovine, lekarne in \u0161e ve\u010d, kot avtokarte pa olaj\u0161ajo tudi navigacijo po krajih. Ta zemljevid za Slovenijo je interaktiven, ker lahko za\u010detni pogled pove\u010date ali zmanj\u0161ate, da si na zemljevidu ogledate ve\u010d podrobnosti in ulic. Zemljevid za: Ljubljana Maribor<\/p>\n","protected":false},"author":1,"featured_media":0,"parent":0,"menu_order":0,"comment_status":"closed","ping_status":"closed","template":"","meta":{"site-sidebar-layout":"default","site-content-layout":"default","ast-main-header-display":"","ast-hfb-above-header-display":"","ast-hfb-below-header-display":"","ast-hfb-mobile-header-display":"","site-post-title":"","ast-breadcrumbs-content":"","ast-featured-img":"","footer-sml-layout":"","theme-transparent-header-meta":"","adv-header-id-meta":"","stick-header-meta":"","header-above-stick-meta":"","header-main-stick-meta":"","header-below-stick-meta":"","footnotes":""},"yoast_head":"<!-- This site is optimized with the Yoast SEO plugin v21.7 - https:\/\/yoast.com\/wordpress\/plugins\/seo\/ -->\n<title>Zemljevid Slovenije z mesti in ulicami<\/title>\n<meta name=\"description\" content=\"Zemljevidi za ve\u010dja mesta v Sloveniji, ki prikazujejo ulice, okolico, soseske, pomembne institucije, lokacije, trgovine, lekarne in \u0161e ve\u010d, kot avtokarte pa olaj\u0161ajo tudi navigacijo po krajih\" \/>\n<meta name=\"robots\" content=\"index, follow, max-snippet:-1, max-image-preview:large, max-video-preview:-1\" \/>\n<link rel=\"canonical\" href=\"https:\/\/www.vidipozitivno.club\/si\/zemljevid-slovenija\/\" \/>\n<meta property=\"og:locale\" content=\"sl_SI\" \/>\n<meta property=\"og:type\" content=\"article\" \/>\n<meta property=\"og:title\" content=\"Zemljevid Slovenije z mesti in ulicami\" \/>\n<meta property=\"og:description\" content=\"Zemljevidi za ve\u010dja mesta v Sloveniji, ki prikazujejo ulice, okolico, soseske, pomembne institucije, lokacije, trgovine, lekarne in \u0161e ve\u010d, kot avtokarte pa olaj\u0161ajo tudi navigacijo po krajih\" \/>\n<meta property=\"og:url\" content=\"https:\/\/www.vidipozitivno.club\/si\/zemljevid-slovenija\/\" \/>\n<meta property=\"og:site_name\" content=\"Vremenska napoved Slovenija\" \/>\n<meta property=\"article:modified_time\" content=\"2021-07-10T13:47:44+00:00\" \/>\n<meta name=\"twitter:card\" content=\"summary_large_image\" \/>\n<script type=\"application\/ld+json\" class=\"yoast-schema-graph\">{\"@context\":\"https:\/\/schema.org\",\"@graph\":[{\"@type\":\"WebPage\",\"@id\":\"https:\/\/www.vidipozitivno.club\/si\/zemljevid-slovenija\/\",\"url\":\"https:\/\/www.vidipozitivno.club\/si\/zemljevid-slovenija\/\",\"name\":\"Zemljevid Slovenije z mesti in ulicami\",\"isPartOf\":{\"@id\":\"https:\/\/www.vidipozitivno.club\/si\/#website\"},\"datePublished\":\"2021-03-29T10:25:26+00:00\",\"dateModified\":\"2021-07-10T13:47:44+00:00\",\"description\":\"Zemljevidi za ve\u010dja mesta v Sloveniji, ki prikazujejo ulice, okolico, soseske, pomembne institucije, lokacije, trgovine, lekarne in \u0161e ve\u010d, kot avtokarte pa olaj\u0161ajo tudi navigacijo po krajih\",\"inLanguage\":\"sl-SI\",\"potentialAction\":[{\"@type\":\"ReadAction\",\"target\":[\"https:\/\/www.vidipozitivno.club\/si\/zemljevid-slovenija\/\"]}]},{\"@type\":\"WebSite\",\"@id\":\"https:\/\/www.vidipozitivno.club\/si\/#website\",\"url\":\"https:\/\/www.vidipozitivno.club\/si\/\",\"name\":\"Vremenska napoved Slovenija\",\"description\":\"\",\"potentialAction\":[{\"@type\":\"SearchAction\",\"target\":{\"@type\":\"EntryPoint\",\"urlTemplate\":\"https:\/\/www.vidipozitivno.club\/si\/?s={search_term_string}\"},\"query-input\":\"required name=search_term_string\"}],\"inLanguage\":\"sl-SI\"}]}<\/script>\n<!-- \/ Yoast SEO plugin. -->","yoast_head_json":{"title":"Zemljevid Slovenije z mesti in ulicami","description":"Zemljevidi za ve\u010dja mesta v Sloveniji, ki prikazujejo ulice, okolico, soseske, pomembne institucije, lokacije, trgovine, lekarne in \u0161e ve\u010d, kot avtokarte pa olaj\u0161ajo tudi navigacijo po krajih","robots":{"index":"index","follow":"follow","max-snippet":"max-snippet:-1","max-image-preview":"max-image-preview:large","max-video-preview":"max-video-preview:-1"},"canonical":"https:\/\/www.vidipozitivno.club\/si\/zemljevid-slovenija\/","og_locale":"sl_SI","og_type":"article","og_title":"Zemljevid Slovenije z mesti in ulicami","og_description":"Zemljevidi za ve\u010dja mesta v Sloveniji, ki prikazujejo ulice, okolico, soseske, pomembne institucije, lokacije, trgovine, lekarne in \u0161e ve\u010d, kot avtokarte pa olaj\u0161ajo tudi navigacijo po krajih","og_url":"https:\/\/www.vidipozitivno.club\/si\/zemljevid-slovenija\/","og_site_name":"Vremenska napoved Slovenija","article_modified_time":"2021-07-10T13:47:44+00:00","twitter_card":"summary_large_image","schema":{"@context":"https:\/\/schema.org","@graph":[{"@type":"WebPage","@id":"https:\/\/www.vidipozitivno.club\/si\/zemljevid-slovenija\/","url":"https:\/\/www.vidipozitivno.club\/si\/zemljevid-slovenija\/","name":"Zemljevid Slovenije z mesti in ulicami","isPartOf":{"@id":"https:\/\/www.vidipozitivno.club\/si\/#website"},"datePublished":"2021-03-29T10:25:26+00:00","dateModified":"2021-07-10T13:47:44+00:00","description":"Zemljevidi za ve\u010dja mesta v Sloveniji, ki prikazujejo ulice, okolico, soseske, pomembne institucije, lokacije, trgovine, lekarne in \u0161e ve\u010d, kot avtokarte pa olaj\u0161ajo tudi navigacijo po krajih","inLanguage":"sl-SI","potentialAction":[{"@type":"ReadAction","target":["https:\/\/www.vidipozitivno.club\/si\/zemljevid-slovenija\/"]}]},{"@type":"WebSite","@id":"https:\/\/www.vidipozitivno.club\/si\/#website","url":"https:\/\/www.vidipozitivno.club\/si\/","name":"Vremenska napoved Slovenija","description":"","potentialAction":[{"@type":"SearchAction","target":{"@type":"EntryPoint","urlTemplate":"https:\/\/www.vidipozitivno.club\/si\/?s={search_term_string}"},"query-input":"required name=search_term_string"}],"inLanguage":"sl-SI"}]}},"_links":{"self":[{"href":"https:\/\/www.vidipozitivno.club\/si\/wp-json\/wp\/v2\/pages\/21"}],"collection":[{"href":"https:\/\/www.vidipozitivno.club\/si\/wp-json\/wp\/v2\/pages"}],"about":[{"href":"https:\/\/www.vidipozitivno.club\/si\/wp-json\/wp\/v2\/types\/page"}],"author":[{"embeddable":true,"href":"https:\/\/www.vidipozitivno.club\/si\/wp-json\/wp\/v2\/users\/1"}],"replies":[{"embeddable":true,"href":"https:\/\/www.vidipozitivno.club\/si\/wp-json\/wp\/v2\/comments?post=21"}],"version-history":[{"count":5,"href":"https:\/\/www.vidipozitivno.club\/si\/wp-json\/wp\/v2\/pages\/21\/revisions"}],"predecessor-version":[{"id":7407,"href":"https:\/\/www.vidipozitivno.club\/si\/wp-json\/wp\/v2\/pages\/21\/revisions\/7407"}],"wp:attachment":[{"href":"https:\/\/www.vidipozitivno.club\/si\/wp-json\/wp\/v2\/media?parent=21"}],"curies":[{"name":"wp","href":"https:\/\/api.w.org\/{rel}","templated":true}]}}