{"id":15,"date":"2021-03-29T10:12:08","date_gmt":"2021-03-29T10:12:08","guid":{"rendered":"http:\/\/www.vidipozitivno.club\/si\/?page_id=15"},"modified":"2021-07-10T13:47:05","modified_gmt":"2021-07-10T13:47:05","slug":"avtokarta-slovenija","status":"publish","type":"page","link":"https:\/\/www.vidipozitivno.club\/si\/avtokarta-slovenija\/","title":{"rendered":"Avtokarta za Slovenijo"},"content":{"rendered":"<p><strong>Avtokarta za Slovenijo<\/strong> olaj\u0161a navigacijo po krajih, zemljevid pa je interaktiven, ker lahko za\u010detni pogled pove\u010date ali pomanj\u0161ate, da si na zemljevidu ogledate ve\u010d podrobnosti in ulic.<\/p>\n\n<p>Oglejte si druge <a href=\"http:\/\/www.vidipozitivno.club\/si\/zemljevid-slovenija\/\">avtokarte Slovenije<\/a> z mesti.<\/p>\n","protected":false},"excerpt":{"rendered":"<p>Avtokarta za Slovenijo olaj\u0161a navigacijo po krajih, zemljevid pa je interaktiven, ker lahko za\u010detni pogled pove\u010date ali pomanj\u0161ate, da si na zemljevidu ogledate ve\u010d podrobnosti in ulic. Oglejte si druge avtokarte Slovenije z mesti.<\/p>\n","protected":false},"author":1,"featured_media":0,"parent":0,"menu_order":0,"comment_status":"closed","ping_status":"closed","template":"","meta":{"site-sidebar-layout":"default","site-content-layout":"default","ast-main-header-display":"","ast-hfb-above-header-display":"","ast-hfb-below-header-display":"","ast-hfb-mobile-header-display":"","site-post-title":"","ast-breadcrumbs-content":"","ast-featured-img":"","footer-sml-layout":"","theme-transparent-header-meta":"","adv-header-id-meta":"","stick-header-meta":"","header-above-stick-meta":"","header-main-stick-meta":"","header-below-stick-meta":"","footnotes":""},"yoast_head":"<!-- This site is optimized with the Yoast SEO plugin v21.7 - https:\/\/yoast.com\/wordpress\/plugins\/seo\/ -->\n<title>Avtokarta za Slovenijo<\/title>\n<meta name=\"description\" content=\"Avtokarta za Slovenijo olaj\u0161a navigacijo po krajih, zemljevid pa je interaktiven, ker lahko za\u010detni pogled pove\u010date ali pomanj\u0161ate, da si na zemljevidu ogledate ve\u010d podrobnosti in ulic\" \/>\n<meta name=\"robots\" content=\"index, follow, max-snippet:-1, max-image-preview:large, max-video-preview:-1\" \/>\n<link rel=\"canonical\" href=\"https:\/\/www.vidipozitivno.club\/si\/avtokarta-slovenija\/\" \/>\n<meta property=\"og:locale\" content=\"sl_SI\" \/>\n<meta property=\"og:type\" content=\"article\" \/>\n<meta property=\"og:title\" content=\"Avtokarta za Slovenijo\" \/>\n<meta property=\"og:description\" content=\"Avtokarta za Slovenijo olaj\u0161a navigacijo po krajih, zemljevid pa je interaktiven, ker lahko za\u010detni pogled pove\u010date ali pomanj\u0161ate, da si na zemljevidu ogledate ve\u010d podrobnosti in ulic\" \/>\n<meta property=\"og:url\" content=\"https:\/\/www.vidipozitivno.club\/si\/avtokarta-slovenija\/\" \/>\n<meta property=\"og:site_name\" content=\"Vremenska napoved Slovenija\" \/>\n<meta property=\"article:modified_time\" content=\"2021-07-10T13:47:05+00:00\" \/>\n<meta name=\"twitter:card\" content=\"summary_large_image\" \/>\n<script type=\"application\/ld+json\" class=\"yoast-schema-graph\">{\"@context\":\"https:\/\/schema.org\",\"@graph\":[{\"@type\":\"WebPage\",\"@id\":\"https:\/\/www.vidipozitivno.club\/si\/avtokarta-slovenija\/\",\"url\":\"https:\/\/www.vidipozitivno.club\/si\/avtokarta-slovenija\/\",\"name\":\"Avtokarta za Slovenijo\",\"isPartOf\":{\"@id\":\"https:\/\/www.vidipozitivno.club\/si\/#website\"},\"datePublished\":\"2021-03-29T10:12:08+00:00\",\"dateModified\":\"2021-07-10T13:47:05+00:00\",\"description\":\"Avtokarta za Slovenijo olaj\u0161a navigacijo po krajih, zemljevid pa je interaktiven, ker lahko za\u010detni pogled pove\u010date ali pomanj\u0161ate, da si na zemljevidu ogledate ve\u010d podrobnosti in ulic\",\"inLanguage\":\"sl-SI\",\"potentialAction\":[{\"@type\":\"ReadAction\",\"target\":[\"https:\/\/www.vidipozitivno.club\/si\/avtokarta-slovenija\/\"]}]},{\"@type\":\"WebSite\",\"@id\":\"https:\/\/www.vidipozitivno.club\/si\/#website\",\"url\":\"https:\/\/www.vidipozitivno.club\/si\/\",\"name\":\"Vremenska napoved Slovenija\",\"description\":\"\",\"potentialAction\":[{\"@type\":\"SearchAction\",\"target\":{\"@type\":\"EntryPoint\",\"urlTemplate\":\"https:\/\/www.vidipozitivno.club\/si\/?s={search_term_string}\"},\"query-input\":\"required name=search_term_string\"}],\"inLanguage\":\"sl-SI\"}]}<\/script>\n<!-- \/ Yoast SEO plugin. -->","yoast_head_json":{"title":"Avtokarta za Slovenijo","description":"Avtokarta za Slovenijo olaj\u0161a navigacijo po krajih, zemljevid pa je interaktiven, ker lahko za\u010detni pogled pove\u010date ali pomanj\u0161ate, da si na zemljevidu ogledate ve\u010d podrobnosti in ulic","robots":{"index":"index","follow":"follow","max-snippet":"max-snippet:-1","max-image-preview":"max-image-preview:large","max-video-preview":"max-video-preview:-1"},"canonical":"https:\/\/www.vidipozitivno.club\/si\/avtokarta-slovenija\/","og_locale":"sl_SI","og_type":"article","og_title":"Avtokarta za Slovenijo","og_description":"Avtokarta za Slovenijo olaj\u0161a navigacijo po krajih, zemljevid pa je interaktiven, ker lahko za\u010detni pogled pove\u010date ali pomanj\u0161ate, da si na zemljevidu ogledate ve\u010d podrobnosti in ulic","og_url":"https:\/\/www.vidipozitivno.club\/si\/avtokarta-slovenija\/","og_site_name":"Vremenska napoved Slovenija","article_modified_time":"2021-07-10T13:47:05+00:00","twitter_card":"summary_large_image","schema":{"@context":"https:\/\/schema.org","@graph":[{"@type":"WebPage","@id":"https:\/\/www.vidipozitivno.club\/si\/avtokarta-slovenija\/","url":"https:\/\/www.vidipozitivno.club\/si\/avtokarta-slovenija\/","name":"Avtokarta za Slovenijo","isPartOf":{"@id":"https:\/\/www.vidipozitivno.club\/si\/#website"},"datePublished":"2021-03-29T10:12:08+00:00","dateModified":"2021-07-10T13:47:05+00:00","description":"Avtokarta za Slovenijo olaj\u0161a navigacijo po krajih, zemljevid pa je interaktiven, ker lahko za\u010detni pogled pove\u010date ali pomanj\u0161ate, da si na zemljevidu ogledate ve\u010d podrobnosti in ulic","inLanguage":"sl-SI","potentialAction":[{"@type":"ReadAction","target":["https:\/\/www.vidipozitivno.club\/si\/avtokarta-slovenija\/"]}]},{"@type":"WebSite","@id":"https:\/\/www.vidipozitivno.club\/si\/#website","url":"https:\/\/www.vidipozitivno.club\/si\/","name":"Vremenska napoved Slovenija","description":"","potentialAction":[{"@type":"SearchAction","target":{"@type":"EntryPoint","urlTemplate":"https:\/\/www.vidipozitivno.club\/si\/?s={search_term_string}"},"query-input":"required name=search_term_string"}],"inLanguage":"sl-SI"}]}},"_links":{"self":[{"href":"https:\/\/www.vidipozitivno.club\/si\/wp-json\/wp\/v2\/pages\/15"}],"collection":[{"href":"https:\/\/www.vidipozitivno.club\/si\/wp-json\/wp\/v2\/pages"}],"about":[{"href":"https:\/\/www.vidipozitivno.club\/si\/wp-json\/wp\/v2\/types\/page"}],"author":[{"embeddable":true,"href":"https:\/\/www.vidipozitivno.club\/si\/wp-json\/wp\/v2\/users\/1"}],"replies":[{"embeddable":true,"href":"https:\/\/www.vidipozitivno.club\/si\/wp-json\/wp\/v2\/comments?post=15"}],"version-history":[{"count":4,"href":"https:\/\/www.vidipozitivno.club\/si\/wp-json\/wp\/v2\/pages\/15\/revisions"}],"predecessor-version":[{"id":7410,"href":"https:\/\/www.vidipozitivno.club\/si\/wp-json\/wp\/v2\/pages\/15\/revisions\/7410"}],"wp:attachment":[{"href":"https:\/\/www.vidipozitivno.club\/si\/wp-json\/wp\/v2\/media?parent=15"}],"curies":[{"name":"wp","href":"https:\/\/api.w.org\/{rel}","templated":true}]}}