{"id":125,"date":"2021-04-14T22:35:49","date_gmt":"2021-04-14T22:35:49","guid":{"rendered":"http:\/\/www.vidipozitivno.club\/si\/zemljevid-slovenija\/zemljevid-maribor\/"},"modified":"2021-04-14T22:35:49","modified_gmt":"2021-04-14T22:35:49","slug":"zemljevid-maribor","status":"publish","type":"page","link":"https:\/\/www.vidipozitivno.club\/si\/zemljevid-slovenija\/zemljevid-maribor\/","title":{"rendered":"Zemljevid Maribor in ulic"},"content":{"rendered":"<p>Ta <strong>zemljevid za Maribor<\/strong> (Slovenija) je interaktiven, ker lahko za\u010detni pogled pove\u010date ali zmanj\u0161ate, da si na zemljevidu ogledate ve\u010d podrobnosti in ulic.<\/p>\n<p><!--Maribor--><!--Maribor--><\/p>\n<p>Oglejte si druge <a href=\"http:\/\/www.vidipozitivno.club\/si\/zemljevid-slovenija\/\">zemljevide Slovenije<\/a> z mesti.<\/p>\n<p>Zemljevid za Maribor prikazuje geografski pregled ulic, sosesk, pomembnih ustanov, objektov, lokacij, trgovin, lekarn in \u0161e ve\u010d, kot <strong>avtokarta<\/strong> pa olaj\u0161a tudi navigacijo skozi kraj.<\/p>\n<p>Vremenska napoved v naslednjih <a href=\"http:\/\/www.vidipozitivno.club\/si\/vremenska-napoved-slovenija\/vremenska-napoved-maribor\/\">7 dneh za: Maribor<\/a>.<\/p>\n","protected":false},"excerpt":{"rendered":"<p>Ta zemljevid za Maribor (Slovenija) je interaktiven, ker lahko za\u010detni pogled pove\u010date ali zmanj\u0161ate, da si na zemljevidu ogledate ve\u010d podrobnosti in ulic. Oglejte si druge zemljevide Slovenije z mesti. Zemljevid za Maribor prikazuje geografski pregled ulic, sosesk, pomembnih ustanov, objektov, lokacij, trgovin, lekarn in \u0161e ve\u010d, kot avtokarta pa olaj\u0161a tudi navigacijo skozi kraj. &hellip;<\/p>\n<p class=\"read-more\"> <a class=\"\" href=\"https:\/\/www.vidipozitivno.club\/si\/zemljevid-slovenija\/zemljevid-maribor\/\"> <span class=\"screen-reader-text\">Zemljevid Maribor in ulic<\/span> Read More &raquo;<\/a><\/p>\n","protected":false},"author":1,"featured_media":0,"parent":21,"menu_order":0,"comment_status":"closed","ping_status":"closed","template":"","meta":{"site-sidebar-layout":"default","site-content-layout":"default","ast-main-header-display":"","ast-hfb-above-header-display":"","ast-hfb-below-header-display":"","ast-hfb-mobile-header-display":"","site-post-title":"","ast-breadcrumbs-content":"","ast-featured-img":"","footer-sml-layout":"","theme-transparent-header-meta":"","adv-header-id-meta":"","stick-header-meta":"","header-above-stick-meta":"","header-main-stick-meta":"","header-below-stick-meta":"","footnotes":""},"yoast_head":"<!-- This site is optimized with the Yoast SEO plugin v21.7 - https:\/\/yoast.com\/wordpress\/plugins\/seo\/ -->\n<title>Zemljevid Maribor in ulic<\/title>\n<meta name=\"robots\" content=\"index, follow, max-snippet:-1, max-image-preview:large, max-video-preview:-1\" \/>\n<link rel=\"canonical\" href=\"https:\/\/www.vidipozitivno.club\/si\/zemljevid-slovenija\/zemljevid-maribor\/\" \/>\n<meta property=\"og:locale\" content=\"sl_SI\" \/>\n<meta property=\"og:type\" content=\"article\" \/>\n<meta property=\"og:title\" content=\"Zemljevid Maribor in ulic\" \/>\n<meta property=\"og:description\" content=\"Ta zemljevid za Maribor (Slovenija) je interaktiven, ker lahko za\u010detni pogled pove\u010date ali zmanj\u0161ate, da si na zemljevidu ogledate ve\u010d podrobnosti in ulic. Oglejte si druge zemljevide Slovenije z mesti. Zemljevid za Maribor prikazuje geografski pregled ulic, sosesk, pomembnih ustanov, objektov, lokacij, trgovin, lekarn in \u0161e ve\u010d, kot avtokarta pa olaj\u0161a tudi navigacijo skozi kraj. &hellip; Zemljevid Maribor in ulic Read More &raquo;\" \/>\n<meta property=\"og:url\" content=\"https:\/\/www.vidipozitivno.club\/si\/zemljevid-slovenija\/zemljevid-maribor\/\" \/>\n<meta property=\"og:site_name\" content=\"Vremenska napoved Slovenija\" \/>\n<meta name=\"twitter:card\" content=\"summary_large_image\" \/>\n<script type=\"application\/ld+json\" class=\"yoast-schema-graph\">{\"@context\":\"https:\/\/schema.org\",\"@graph\":[{\"@type\":\"WebPage\",\"@id\":\"https:\/\/www.vidipozitivno.club\/si\/zemljevid-slovenija\/zemljevid-maribor\/\",\"url\":\"https:\/\/www.vidipozitivno.club\/si\/zemljevid-slovenija\/zemljevid-maribor\/\",\"name\":\"Zemljevid Maribor in ulic\",\"isPartOf\":{\"@id\":\"https:\/\/www.vidipozitivno.club\/si\/#website\"},\"datePublished\":\"2021-04-14T22:35:49+00:00\",\"dateModified\":\"2021-04-14T22:35:49+00:00\",\"breadcrumb\":{\"@id\":\"https:\/\/www.vidipozitivno.club\/si\/zemljevid-slovenija\/zemljevid-maribor\/#breadcrumb\"},\"inLanguage\":\"sl-SI\",\"potentialAction\":[{\"@type\":\"ReadAction\",\"target\":[\"https:\/\/www.vidipozitivno.club\/si\/zemljevid-slovenija\/zemljevid-maribor\/\"]}]},{\"@type\":\"BreadcrumbList\",\"@id\":\"https:\/\/www.vidipozitivno.club\/si\/zemljevid-slovenija\/zemljevid-maribor\/#breadcrumb\",\"itemListElement\":[{\"@type\":\"ListItem\",\"position\":1,\"name\":\"Zemljevid Slovenije z mesti in ulicami\",\"item\":\"https:\/\/www.vidipozitivno.club\/si\/zemljevid-slovenija\/\"},{\"@type\":\"ListItem\",\"position\":2,\"name\":\"Zemljevid Maribor in ulic\"}]},{\"@type\":\"WebSite\",\"@id\":\"https:\/\/www.vidipozitivno.club\/si\/#website\",\"url\":\"https:\/\/www.vidipozitivno.club\/si\/\",\"name\":\"Vremenska napoved Slovenija\",\"description\":\"\",\"potentialAction\":[{\"@type\":\"SearchAction\",\"target\":{\"@type\":\"EntryPoint\",\"urlTemplate\":\"https:\/\/www.vidipozitivno.club\/si\/?s={search_term_string}\"},\"query-input\":\"required name=search_term_string\"}],\"inLanguage\":\"sl-SI\"}]}<\/script>\n<!-- \/ Yoast SEO plugin. -->","yoast_head_json":{"title":"Zemljevid Maribor in ulic","robots":{"index":"index","follow":"follow","max-snippet":"max-snippet:-1","max-image-preview":"max-image-preview:large","max-video-preview":"max-video-preview:-1"},"canonical":"https:\/\/www.vidipozitivno.club\/si\/zemljevid-slovenija\/zemljevid-maribor\/","og_locale":"sl_SI","og_type":"article","og_title":"Zemljevid Maribor in ulic","og_description":"Ta zemljevid za Maribor (Slovenija) je interaktiven, ker lahko za\u010detni pogled pove\u010date ali zmanj\u0161ate, da si na zemljevidu ogledate ve\u010d podrobnosti in ulic. Oglejte si druge zemljevide Slovenije z mesti. Zemljevid za Maribor prikazuje geografski pregled ulic, sosesk, pomembnih ustanov, objektov, lokacij, trgovin, lekarn in \u0161e ve\u010d, kot avtokarta pa olaj\u0161a tudi navigacijo skozi kraj. &hellip; Zemljevid Maribor in ulic Read More &raquo;","og_url":"https:\/\/www.vidipozitivno.club\/si\/zemljevid-slovenija\/zemljevid-maribor\/","og_site_name":"Vremenska napoved Slovenija","twitter_card":"summary_large_image","schema":{"@context":"https:\/\/schema.org","@graph":[{"@type":"WebPage","@id":"https:\/\/www.vidipozitivno.club\/si\/zemljevid-slovenija\/zemljevid-maribor\/","url":"https:\/\/www.vidipozitivno.club\/si\/zemljevid-slovenija\/zemljevid-maribor\/","name":"Zemljevid Maribor in ulic","isPartOf":{"@id":"https:\/\/www.vidipozitivno.club\/si\/#website"},"datePublished":"2021-04-14T22:35:49+00:00","dateModified":"2021-04-14T22:35:49+00:00","breadcrumb":{"@id":"https:\/\/www.vidipozitivno.club\/si\/zemljevid-slovenija\/zemljevid-maribor\/#breadcrumb"},"inLanguage":"sl-SI","potentialAction":[{"@type":"ReadAction","target":["https:\/\/www.vidipozitivno.club\/si\/zemljevid-slovenija\/zemljevid-maribor\/"]}]},{"@type":"BreadcrumbList","@id":"https:\/\/www.vidipozitivno.club\/si\/zemljevid-slovenija\/zemljevid-maribor\/#breadcrumb","itemListElement":[{"@type":"ListItem","position":1,"name":"Zemljevid Slovenije z mesti in ulicami","item":"https:\/\/www.vidipozitivno.club\/si\/zemljevid-slovenija\/"},{"@type":"ListItem","position":2,"name":"Zemljevid Maribor in ulic"}]},{"@type":"WebSite","@id":"https:\/\/www.vidipozitivno.club\/si\/#website","url":"https:\/\/www.vidipozitivno.club\/si\/","name":"Vremenska napoved Slovenija","description":"","potentialAction":[{"@type":"SearchAction","target":{"@type":"EntryPoint","urlTemplate":"https:\/\/www.vidipozitivno.club\/si\/?s={search_term_string}"},"query-input":"required name=search_term_string"}],"inLanguage":"sl-SI"}]}},"_links":{"self":[{"href":"https:\/\/www.vidipozitivno.club\/si\/wp-json\/wp\/v2\/pages\/125"}],"collection":[{"href":"https:\/\/www.vidipozitivno.club\/si\/wp-json\/wp\/v2\/pages"}],"about":[{"href":"https:\/\/www.vidipozitivno.club\/si\/wp-json\/wp\/v2\/types\/page"}],"author":[{"embeddable":true,"href":"https:\/\/www.vidipozitivno.club\/si\/wp-json\/wp\/v2\/users\/1"}],"replies":[{"embeddable":true,"href":"https:\/\/www.vidipozitivno.club\/si\/wp-json\/wp\/v2\/comments?post=125"}],"version-history":[{"count":0,"href":"https:\/\/www.vidipozitivno.club\/si\/wp-json\/wp\/v2\/pages\/125\/revisions"}],"up":[{"embeddable":true,"href":"https:\/\/www.vidipozitivno.club\/si\/wp-json\/wp\/v2\/pages\/21"}],"wp:attachment":[{"href":"https:\/\/www.vidipozitivno.club\/si\/wp-json\/wp\/v2\/media?parent=125"}],"curies":[{"name":"wp","href":"https:\/\/api.w.org\/{rel}","templated":true}]}}