{"id":21,"date":"2021-02-27T08:42:26","date_gmt":"2021-02-27T08:42:26","guid":{"rendered":"http:\/\/www.vidipozitivno.club\/rs\/?page_id=21"},"modified":"2021-12-24T00:19:57","modified_gmt":"2021-12-24T00:19:57","slug":"karta-srbija","status":"publish","type":"page","link":"https:\/\/www.vidipozitivno.club\/rs\/karta-srbija\/","title":{"rendered":"Karta Srbija sa gradovima i ulicama"},"content":{"rendered":"\n<p>Detaljne <strong>karte<\/strong> za vec\u0301e gradove i mesta u Srbiji koje prikazuju ulice, okolinu, kvartove, va\u017ene institucije, objekte, lokacije, prodavnice, apoteke i jo\u0161 mnogo toga, a kao <strong>auto karte<\/strong> tako\u0111e olak\u0161avaju navigaciju kroz mesta.<\/p>\n<p>Ove karte za Srbiju su interaktivne jer se po\u010detni prikaz mo\u017ee uvec\u0301ati ili umanjiti i pomerati da bi se videlo vi\u0161e detalja i ulice na mapi.<\/p>\n<p>Karte za:<br \/>\n<a href=\"http:\/\/www.vidipozitivno.club\/rs\/karta-srbija\/karta-beograd\/\" class=\"abutton\">Beograd<\/a><br \/>\n<a href=\"http:\/\/www.vidipozitivno.club\/rs\/karta-srbija\/karta-cacak\/\" class=\"abutton\">\u010ca\u010dak<\/a><br \/>\n<a href=\"http:\/\/www.vidipozitivno.club\/rs\/karta-srbija\/karta-jagodina\/\" class=\"abutton\">Jagodina<\/a><br \/>\n<a href=\"http:\/\/www.vidipozitivno.club\/rs\/karta-srbija\/karta-kikinda\/\" class=\"abutton\">Kikinda<\/a><br \/>\n<a href=\"http:\/\/www.vidipozitivno.club\/rs\/karta-srbija\/karta-kragujevac\/\" class=\"abutton\">Kragujevac<\/a><br \/>\n<a href=\"http:\/\/www.vidipozitivno.club\/rs\/karta-srbija\/karta-kraljevo\/\" class=\"abutton\">Kraljevo<\/a><br \/>\n<a href=\"http:\/\/www.vidipozitivno.club\/rs\/karta-srbija\/karta-krusevac\/\" class=\"abutton\">Kru\u0161evac<\/a><br \/>\n<a href=\"http:\/\/www.vidipozitivno.club\/rs\/karta-srbija\/karta-leskovac\/\" class=\"abutton\">Leskovac<\/a><br \/>\n<a href=\"http:\/\/www.vidipozitivno.club\/rs\/karta-srbija\/karta-loznica\/\" class=\"abutton\">Loznica<\/a><br \/>\n<a href=\"http:\/\/www.vidipozitivno.club\/rs\/karta-srbija\/karta-nis\/\" class=\"abutton\">Ni\u0161<\/a><br \/>\n<a href=\"http:\/\/www.vidipozitivno.club\/rs\/karta-srbija\/karta-novi-pazar\/\" class=\"abutton\">Novi Pazar<\/a><br \/>\n<a href=\"http:\/\/www.vidipozitivno.club\/rs\/karta-srbija\/karta-novi-sad\/\" class=\"abutton\">Novi Sad<\/a><br \/>\n<a href=\"http:\/\/www.vidipozitivno.club\/rs\/karta-srbija\/karta-pancevo\/\" class=\"abutton\">Pan\u010devo<\/a><br \/>\n<a href=\"http:\/\/www.vidipozitivno.club\/rs\/karta-srbija\/karta-pirot\/\" class=\"abutton\">Pirot<\/a><br \/>\n<a href=\"http:\/\/www.vidipozitivno.club\/rs\/karta-srbija\/karta-pozarevac\/\" class=\"abutton\">Po\u017earevac<\/a><br \/>\n<a href=\"http:\/\/www.vidipozitivno.club\/rs\/karta-srbija\/karta-smederevo\/\" class=\"abutton\">Smederevo<\/a><br \/>\n<a href=\"http:\/\/www.vidipozitivno.club\/rs\/karta-srbija\/karta-sombor\/\" class=\"abutton\">Sombor<\/a><br \/>\n<a href=\"http:\/\/www.vidipozitivno.club\/rs\/karta-srbija\/karta-sremska-mitrovica\/\" class=\"abutton\">Sremska Mitrovica<\/a><br \/>\n<a href=\"http:\/\/www.vidipozitivno.club\/rs\/karta-srbija\/karta-subotica\/\" class=\"abutton\">Subotica<\/a><br \/>\n<a href=\"http:\/\/www.vidipozitivno.club\/rs\/karta-srbija\/karta-sabac\/\" class=\"abutton\">\u0160abac<\/a><br \/>\n<a href=\"http:\/\/www.vidipozitivno.club\/rs\/karta-srbija\/karta-uzice\/\" class=\"abutton\">U\u017eice<\/a><br \/>\n<a href=\"http:\/\/www.vidipozitivno.club\/rs\/karta-srbija\/karta-valjevo\/\" class=\"abutton\">Valjevo<\/a><br \/>\n<a href=\"http:\/\/www.vidipozitivno.club\/rs\/karta-srbija\/karta-vranje\/\" class=\"abutton\">Vranje<\/a><br \/>\n<a href=\"http:\/\/www.vidipozitivno.club\/rs\/karta-srbija\/karta-vrsac\/\" class=\"abutton\">Vr\u0161ac<\/a><br \/>\n<a href=\"http:\/\/www.vidipozitivno.club\/rs\/karta-srbija\/karta-zajecar\/\" class=\"abutton\">Zaje\u010dar<\/a><br \/>\n<a href=\"http:\/\/www.vidipozitivno.club\/rs\/karta-srbija\/karta-zrenjanin\/\" class=\"abutton\">Zrenjanin<\/a><br \/>\n<a href=\"http:\/\/www.vidipozitivno.club\/rs\/karta-srbija\/karta-bor\/\" class=\"abutton\">Bor<\/a><br \/>\n<a href=\"http:\/\/www.vidipozitivno.club\/rs\/karta-srbija\/karta-kula\/\" class=\"abutton\">Kula<\/a><br \/>\n<a href=\"http:\/\/www.vidipozitivno.club\/rs\/karta-srbija\/karta-zlatibor\/\" class=\"abutton\">Zlatibor<\/a><\/p>\n","protected":false},"excerpt":{"rendered":"<p>Detaljne karte za vec\u0301e gradove i mesta u Srbiji koje prikazuju ulice, okolinu, kvartove, va\u017ene institucije, objekte, lokacije, prodavnice, apoteke i jo\u0161 mnogo toga, a kao auto karte tako\u0111e olak\u0161avaju navigaciju kroz mesta. Ove karte za Srbiju su interaktivne jer se po\u010detni prikaz mo\u017ee uvec\u0301ati ili umanjiti i pomerati da bi se videlo vi\u0161e detalja &hellip;<\/p>\n<p class=\"read-more\"> <a class=\"\" href=\"https:\/\/www.vidipozitivno.club\/rs\/karta-srbija\/\"> <span class=\"screen-reader-text\">Karta Srbija sa gradovima i ulicama<\/span> Read More &raquo;<\/a><\/p>\n","protected":false},"author":1,"featured_media":0,"parent":0,"menu_order":0,"comment_status":"closed","ping_status":"closed","template":"","meta":{"site-sidebar-layout":"default","site-content-layout":"default","ast-main-header-display":"","ast-hfb-above-header-display":"","ast-hfb-below-header-display":"","ast-hfb-mobile-header-display":"","site-post-title":"","ast-breadcrumbs-content":"","ast-featured-img":"","footer-sml-layout":"","theme-transparent-header-meta":"","adv-header-id-meta":"","stick-header-meta":"","header-above-stick-meta":"","header-main-stick-meta":"","header-below-stick-meta":"","footnotes":""},"yoast_head":"<!-- This site is optimized with the Yoast SEO plugin v21.7 - https:\/\/yoast.com\/wordpress\/plugins\/seo\/ -->\n<title>Karta Srbija sa gradovima i ulicama<\/title>\n<meta name=\"description\" content=\"Karte za gradove u Srbiji koje prikazuju ulice, okolinu, kvartove, va\u017ene institucije, lokacije, prodavnice, apoteke i jo\u0161 mnogo toga, a kao auto karte olak\u0161avaju navigaciju kroz mesta\" \/>\n<meta name=\"robots\" content=\"index, follow, max-snippet:-1, max-image-preview:large, max-video-preview:-1\" \/>\n<link rel=\"canonical\" href=\"https:\/\/www.vidipozitivno.club\/rs\/karta-srbija\/\" \/>\n<meta property=\"og:locale\" content=\"sr_RS\" \/>\n<meta property=\"og:type\" content=\"article\" \/>\n<meta property=\"og:title\" content=\"Karta Srbija sa gradovima i ulicama\" \/>\n<meta property=\"og:description\" content=\"Karte za gradove u Srbiji koje prikazuju ulice, okolinu, kvartove, va\u017ene institucije, lokacije, prodavnice, apoteke i jo\u0161 mnogo toga, a kao auto karte olak\u0161avaju navigaciju kroz mesta\" \/>\n<meta property=\"og:url\" content=\"https:\/\/www.vidipozitivno.club\/rs\/karta-srbija\/\" \/>\n<meta property=\"og:site_name\" content=\"Vremenska prognoza Srbija\" \/>\n<meta property=\"article:modified_time\" content=\"2021-12-24T00:19:57+00:00\" \/>\n<meta name=\"twitter:card\" content=\"summary_large_image\" \/>\n<meta name=\"twitter:label1\" content=\"\u041f\u0440\u043e\u0446\u0435\u045a\u0435\u043d\u043e \u0432\u0440\u0435\u043c\u0435 \u0447\u0438\u0442\u0430\u045a\u0430\" \/>\n\t<meta name=\"twitter:data1\" content=\"1 \u043c\u0438\u043d\u0443\u0442\" \/>\n<script type=\"application\/ld+json\" class=\"yoast-schema-graph\">{\"@context\":\"https:\/\/schema.org\",\"@graph\":[{\"@type\":\"WebPage\",\"@id\":\"https:\/\/www.vidipozitivno.club\/rs\/karta-srbija\/\",\"url\":\"https:\/\/www.vidipozitivno.club\/rs\/karta-srbija\/\",\"name\":\"Karta Srbija sa gradovima i ulicama\",\"isPartOf\":{\"@id\":\"https:\/\/www.vidipozitivno.club\/rs\/#website\"},\"datePublished\":\"2021-02-27T08:42:26+00:00\",\"dateModified\":\"2021-12-24T00:19:57+00:00\",\"description\":\"Karte za gradove u Srbiji koje prikazuju ulice, okolinu, kvartove, va\u017ene institucije, lokacije, prodavnice, apoteke i jo\u0161 mnogo toga, a kao auto karte olak\u0161avaju navigaciju kroz mesta\",\"inLanguage\":\"sr-RS\",\"potentialAction\":[{\"@type\":\"ReadAction\",\"target\":[\"https:\/\/www.vidipozitivno.club\/rs\/karta-srbija\/\"]}]},{\"@type\":\"WebSite\",\"@id\":\"https:\/\/www.vidipozitivno.club\/rs\/#website\",\"url\":\"https:\/\/www.vidipozitivno.club\/rs\/\",\"name\":\"Vremenska prognoza Srbija\",\"description\":\"vreme za 7 dana\",\"potentialAction\":[{\"@type\":\"SearchAction\",\"target\":{\"@type\":\"EntryPoint\",\"urlTemplate\":\"https:\/\/www.vidipozitivno.club\/rs\/?s={search_term_string}\"},\"query-input\":\"required name=search_term_string\"}],\"inLanguage\":\"sr-RS\"}]}<\/script>\n<!-- \/ Yoast SEO plugin. -->","yoast_head_json":{"title":"Karta Srbija sa gradovima i ulicama","description":"Karte za gradove u Srbiji koje prikazuju ulice, okolinu, kvartove, va\u017ene institucije, lokacije, prodavnice, apoteke i jo\u0161 mnogo toga, a kao auto karte olak\u0161avaju navigaciju kroz mesta","robots":{"index":"index","follow":"follow","max-snippet":"max-snippet:-1","max-image-preview":"max-image-preview:large","max-video-preview":"max-video-preview:-1"},"canonical":"https:\/\/www.vidipozitivno.club\/rs\/karta-srbija\/","og_locale":"sr_RS","og_type":"article","og_title":"Karta Srbija sa gradovima i ulicama","og_description":"Karte za gradove u Srbiji koje prikazuju ulice, okolinu, kvartove, va\u017ene institucije, lokacije, prodavnice, apoteke i jo\u0161 mnogo toga, a kao auto karte olak\u0161avaju navigaciju kroz mesta","og_url":"https:\/\/www.vidipozitivno.club\/rs\/karta-srbija\/","og_site_name":"Vremenska prognoza Srbija","article_modified_time":"2021-12-24T00:19:57+00:00","twitter_card":"summary_large_image","twitter_misc":{"\u041f\u0440\u043e\u0446\u0435\u045a\u0435\u043d\u043e \u0432\u0440\u0435\u043c\u0435 \u0447\u0438\u0442\u0430\u045a\u0430":"1 \u043c\u0438\u043d\u0443\u0442"},"schema":{"@context":"https:\/\/schema.org","@graph":[{"@type":"WebPage","@id":"https:\/\/www.vidipozitivno.club\/rs\/karta-srbija\/","url":"https:\/\/www.vidipozitivno.club\/rs\/karta-srbija\/","name":"Karta Srbija sa gradovima i ulicama","isPartOf":{"@id":"https:\/\/www.vidipozitivno.club\/rs\/#website"},"datePublished":"2021-02-27T08:42:26+00:00","dateModified":"2021-12-24T00:19:57+00:00","description":"Karte za gradove u Srbiji koje prikazuju ulice, okolinu, kvartove, va\u017ene institucije, lokacije, prodavnice, apoteke i jo\u0161 mnogo toga, a kao auto karte olak\u0161avaju navigaciju kroz mesta","inLanguage":"sr-RS","potentialAction":[{"@type":"ReadAction","target":["https:\/\/www.vidipozitivno.club\/rs\/karta-srbija\/"]}]},{"@type":"WebSite","@id":"https:\/\/www.vidipozitivno.club\/rs\/#website","url":"https:\/\/www.vidipozitivno.club\/rs\/","name":"Vremenska prognoza Srbija","description":"vreme za 7 dana","potentialAction":[{"@type":"SearchAction","target":{"@type":"EntryPoint","urlTemplate":"https:\/\/www.vidipozitivno.club\/rs\/?s={search_term_string}"},"query-input":"required name=search_term_string"}],"inLanguage":"sr-RS"}]}},"_links":{"self":[{"href":"https:\/\/www.vidipozitivno.club\/rs\/wp-json\/wp\/v2\/pages\/21"}],"collection":[{"href":"https:\/\/www.vidipozitivno.club\/rs\/wp-json\/wp\/v2\/pages"}],"about":[{"href":"https:\/\/www.vidipozitivno.club\/rs\/wp-json\/wp\/v2\/types\/page"}],"author":[{"embeddable":true,"href":"https:\/\/www.vidipozitivno.club\/rs\/wp-json\/wp\/v2\/users\/1"}],"replies":[{"embeddable":true,"href":"https:\/\/www.vidipozitivno.club\/rs\/wp-json\/wp\/v2\/comments?post=21"}],"version-history":[{"count":4,"href":"https:\/\/www.vidipozitivno.club\/rs\/wp-json\/wp\/v2\/pages\/21\/revisions"}],"predecessor-version":[{"id":672,"href":"https:\/\/www.vidipozitivno.club\/rs\/wp-json\/wp\/v2\/pages\/21\/revisions\/672"}],"wp:attachment":[{"href":"https:\/\/www.vidipozitivno.club\/rs\/wp-json\/wp\/v2\/media?parent=21"}],"curies":[{"name":"wp","href":"https:\/\/api.w.org\/{rel}","templated":true}]}}