{"id":15,"date":"2021-02-27T08:34:08","date_gmt":"2021-02-27T08:34:08","guid":{"rendered":"http:\/\/www.vidipozitivno.club\/rs\/?page_id=15"},"modified":"2021-07-10T15:56:56","modified_gmt":"2021-07-10T15:56:56","slug":"auto-karta-srbija","status":"publish","type":"page","link":"https:\/\/www.vidipozitivno.club\/rs\/auto-karta-srbija\/","title":{"rendered":"Auto karta Srbija"},"content":{"rendered":"<p><strong>Auto karta<\/strong> puteva za Srbiju olak\u0161ava navigaciju kroz mesta, a mapa je interaktivna jer se po\u010detni prikaz mo\u017ee uvec\u0301avati ili smanjivati i pomerati kako bi se na karti videlo vi\u0161e detalja i ulica.<\/p>\n\n<p>Pogledajte i druge <a href=\"http:\/\/www.vidipozitivno.club\/rs\/karta-srbija\/\">auto karte za Srbiju<\/a> sa gradovima i mestima.<\/p>\n","protected":false},"excerpt":{"rendered":"<p>Auto karta puteva za Srbiju olak\u0161ava navigaciju kroz mesta, a mapa je interaktivna jer se po\u010detni prikaz mo\u017ee uvec\u0301avati ili smanjivati i pomerati kako bi se na karti videlo vi\u0161e detalja i ulica. Pogledajte i druge auto karte za Srbiju sa gradovima i mestima.<\/p>\n","protected":false},"author":1,"featured_media":0,"parent":0,"menu_order":0,"comment_status":"closed","ping_status":"closed","template":"","meta":{"site-sidebar-layout":"default","site-content-layout":"default","ast-main-header-display":"","ast-hfb-above-header-display":"","ast-hfb-below-header-display":"","ast-hfb-mobile-header-display":"","site-post-title":"","ast-breadcrumbs-content":"","ast-featured-img":"","footer-sml-layout":"","theme-transparent-header-meta":"","adv-header-id-meta":"","stick-header-meta":"","header-above-stick-meta":"","header-main-stick-meta":"","header-below-stick-meta":"","footnotes":""},"yoast_head":"<!-- This site is optimized with the Yoast SEO plugin v21.7 - https:\/\/yoast.com\/wordpress\/plugins\/seo\/ -->\n<title>Auto karta Srbija<\/title>\n<meta name=\"description\" content=\"Auto karta za Srbiju olak\u0161ava navigaciju kroz mesta, mapa je interaktivna jer se po\u010detni prikaz mo\u017ee uvec\u0301avati i pomerati kako bi se na karti videlo vi\u0161e detalja i ulica\" \/>\n<meta name=\"robots\" content=\"index, follow, max-snippet:-1, max-image-preview:large, max-video-preview:-1\" \/>\n<link rel=\"canonical\" href=\"https:\/\/www.vidipozitivno.club\/rs\/auto-karta-srbija\/\" \/>\n<meta property=\"og:locale\" content=\"sr_RS\" \/>\n<meta property=\"og:type\" content=\"article\" \/>\n<meta property=\"og:title\" content=\"Auto karta Srbija\" \/>\n<meta property=\"og:description\" content=\"Auto karta za Srbiju olak\u0161ava navigaciju kroz mesta, mapa je interaktivna jer se po\u010detni prikaz mo\u017ee uvec\u0301avati i pomerati kako bi se na karti videlo vi\u0161e detalja i ulica\" \/>\n<meta property=\"og:url\" content=\"https:\/\/www.vidipozitivno.club\/rs\/auto-karta-srbija\/\" \/>\n<meta property=\"og:site_name\" content=\"Vremenska prognoza Srbija\" \/>\n<meta property=\"article:modified_time\" content=\"2021-07-10T15:56:56+00:00\" \/>\n<meta name=\"twitter:card\" content=\"summary_large_image\" \/>\n<script type=\"application\/ld+json\" class=\"yoast-schema-graph\">{\"@context\":\"https:\/\/schema.org\",\"@graph\":[{\"@type\":\"WebPage\",\"@id\":\"https:\/\/www.vidipozitivno.club\/rs\/auto-karta-srbija\/\",\"url\":\"https:\/\/www.vidipozitivno.club\/rs\/auto-karta-srbija\/\",\"name\":\"Auto karta Srbija\",\"isPartOf\":{\"@id\":\"https:\/\/www.vidipozitivno.club\/rs\/#website\"},\"datePublished\":\"2021-02-27T08:34:08+00:00\",\"dateModified\":\"2021-07-10T15:56:56+00:00\",\"description\":\"Auto karta za Srbiju olak\u0161ava navigaciju kroz mesta, mapa je interaktivna jer se po\u010detni prikaz mo\u017ee uvec\u0301avati i pomerati kako bi se na karti videlo vi\u0161e detalja i ulica\",\"inLanguage\":\"sr-RS\",\"potentialAction\":[{\"@type\":\"ReadAction\",\"target\":[\"https:\/\/www.vidipozitivno.club\/rs\/auto-karta-srbija\/\"]}]},{\"@type\":\"WebSite\",\"@id\":\"https:\/\/www.vidipozitivno.club\/rs\/#website\",\"url\":\"https:\/\/www.vidipozitivno.club\/rs\/\",\"name\":\"Vremenska prognoza Srbija\",\"description\":\"vreme za 7 dana\",\"potentialAction\":[{\"@type\":\"SearchAction\",\"target\":{\"@type\":\"EntryPoint\",\"urlTemplate\":\"https:\/\/www.vidipozitivno.club\/rs\/?s={search_term_string}\"},\"query-input\":\"required name=search_term_string\"}],\"inLanguage\":\"sr-RS\"}]}<\/script>\n<!-- \/ Yoast SEO plugin. -->","yoast_head_json":{"title":"Auto karta Srbija","description":"Auto karta za Srbiju olak\u0161ava navigaciju kroz mesta, mapa je interaktivna jer se po\u010detni prikaz mo\u017ee uvec\u0301avati i pomerati kako bi se na karti videlo vi\u0161e detalja i ulica","robots":{"index":"index","follow":"follow","max-snippet":"max-snippet:-1","max-image-preview":"max-image-preview:large","max-video-preview":"max-video-preview:-1"},"canonical":"https:\/\/www.vidipozitivno.club\/rs\/auto-karta-srbija\/","og_locale":"sr_RS","og_type":"article","og_title":"Auto karta Srbija","og_description":"Auto karta za Srbiju olak\u0161ava navigaciju kroz mesta, mapa je interaktivna jer se po\u010detni prikaz mo\u017ee uvec\u0301avati i pomerati kako bi se na karti videlo vi\u0161e detalja i ulica","og_url":"https:\/\/www.vidipozitivno.club\/rs\/auto-karta-srbija\/","og_site_name":"Vremenska prognoza Srbija","article_modified_time":"2021-07-10T15:56:56+00:00","twitter_card":"summary_large_image","schema":{"@context":"https:\/\/schema.org","@graph":[{"@type":"WebPage","@id":"https:\/\/www.vidipozitivno.club\/rs\/auto-karta-srbija\/","url":"https:\/\/www.vidipozitivno.club\/rs\/auto-karta-srbija\/","name":"Auto karta Srbija","isPartOf":{"@id":"https:\/\/www.vidipozitivno.club\/rs\/#website"},"datePublished":"2021-02-27T08:34:08+00:00","dateModified":"2021-07-10T15:56:56+00:00","description":"Auto karta za Srbiju olak\u0161ava navigaciju kroz mesta, mapa je interaktivna jer se po\u010detni prikaz mo\u017ee uvec\u0301avati i pomerati kako bi se na karti videlo vi\u0161e detalja i ulica","inLanguage":"sr-RS","potentialAction":[{"@type":"ReadAction","target":["https:\/\/www.vidipozitivno.club\/rs\/auto-karta-srbija\/"]}]},{"@type":"WebSite","@id":"https:\/\/www.vidipozitivno.club\/rs\/#website","url":"https:\/\/www.vidipozitivno.club\/rs\/","name":"Vremenska prognoza Srbija","description":"vreme za 7 dana","potentialAction":[{"@type":"SearchAction","target":{"@type":"EntryPoint","urlTemplate":"https:\/\/www.vidipozitivno.club\/rs\/?s={search_term_string}"},"query-input":"required name=search_term_string"}],"inLanguage":"sr-RS"}]}},"_links":{"self":[{"href":"https:\/\/www.vidipozitivno.club\/rs\/wp-json\/wp\/v2\/pages\/15"}],"collection":[{"href":"https:\/\/www.vidipozitivno.club\/rs\/wp-json\/wp\/v2\/pages"}],"about":[{"href":"https:\/\/www.vidipozitivno.club\/rs\/wp-json\/wp\/v2\/types\/page"}],"author":[{"embeddable":true,"href":"https:\/\/www.vidipozitivno.club\/rs\/wp-json\/wp\/v2\/users\/1"}],"replies":[{"embeddable":true,"href":"https:\/\/www.vidipozitivno.club\/rs\/wp-json\/wp\/v2\/comments?post=15"}],"version-history":[{"count":2,"href":"https:\/\/www.vidipozitivno.club\/rs\/wp-json\/wp\/v2\/pages\/15\/revisions"}],"predecessor-version":[{"id":659,"href":"https:\/\/www.vidipozitivno.club\/rs\/wp-json\/wp\/v2\/pages\/15\/revisions\/659"}],"wp:attachment":[{"href":"https:\/\/www.vidipozitivno.club\/rs\/wp-json\/wp\/v2\/media?parent=15"}],"curies":[{"name":"wp","href":"https:\/\/api.w.org\/{rel}","templated":true}]}}