{"id":21,"date":"2021-03-30T15:33:26","date_gmt":"2021-03-30T15:33:26","guid":{"rendered":"http:\/\/www.vidipozitivno.club\/mk\/?page_id=21"},"modified":"2021-07-11T16:34:41","modified_gmt":"2021-07-11T16:34:41","slug":"karta-makedonija","status":"publish","type":"page","link":"https:\/\/www.vidipozitivno.club\/mk\/karta-makedonija\/","title":{"rendered":"Karta S. Makedonija sa gradovima i ulicama"},"content":{"rendered":"\n<p>Detaljne <strong>karte<\/strong> za vec\u0301e gradove i mesta u S. Makedoniji koje prikazuju ulice, okolinu, kvartove, va\u017ene institucije, objekte, lokacije, prodavnice, apoteke i jo\u0161 mnogo toga, a kao <strong>auto karte<\/strong> tako\u0111e olak\u0161avaju navigaciju kroz mesta.<\/p>\n<p>Ove <strong>karte za Severnu Makedoniju<\/strong> su interaktivne jer se po\u010detni prikaz mo\u017ee uvec\u0301ati ili umanjiti i pomerati da bi se videlo vi\u0161e detalja i ulice na mapi.<\/p>\n<p>Karte za:<br \/>\n<a href=\"http:\/\/www.vidipozitivno.club\/mk\/karta-makedonija\/karta-skoplje\/\" class=\"abutton\">Skoplje<\/a><br \/>\n<a href=\"http:\/\/www.vidipozitivno.club\/mk\/karta-makedonija\/karta-bitolj\/\" class=\"abutton\">Bitolj<\/a><br \/>\n<a href=\"http:\/\/www.vidipozitivno.club\/mk\/karta-makedonija\/karta-kumanovo\/\" class=\"abutton\">Kumanovo<\/a><br \/>\n<a href=\"http:\/\/www.vidipozitivno.club\/mk\/karta-makedonija\/karta-prilep\/\" class=\"abutton\">Prilep<\/a><br \/>\n<a href=\"http:\/\/www.vidipozitivno.club\/mk\/karta-makedonija\/karta-ohrid\/\" class=\"abutton\">Ohrid<\/a><\/p>\n","protected":false},"excerpt":{"rendered":"<p>Detaljne karte za vec\u0301e gradove i mesta u S. Makedoniji koje prikazuju ulice, okolinu, kvartove, va\u017ene institucije, objekte, lokacije, prodavnice, apoteke i jo\u0161 mnogo toga, a kao auto karte tako\u0111e olak\u0161avaju navigaciju kroz mesta. Ove karte za Severnu Makedoniju su interaktivne jer se po\u010detni prikaz mo\u017ee uvec\u0301ati ili umanjiti i pomerati da bi se videlo &hellip;<\/p>\n<p class=\"read-more\"> <a class=\"\" href=\"https:\/\/www.vidipozitivno.club\/mk\/karta-makedonija\/\"> <span class=\"screen-reader-text\">Karta S. Makedonija sa gradovima i ulicama<\/span> Read More &raquo;<\/a><\/p>\n","protected":false},"author":1,"featured_media":0,"parent":0,"menu_order":0,"comment_status":"closed","ping_status":"closed","template":"","meta":{"site-sidebar-layout":"default","site-content-layout":"default","ast-main-header-display":"","ast-hfb-above-header-display":"","ast-hfb-below-header-display":"","ast-hfb-mobile-header-display":"","site-post-title":"","ast-breadcrumbs-content":"","ast-featured-img":"","footer-sml-layout":"","theme-transparent-header-meta":"","adv-header-id-meta":"","stick-header-meta":"","header-above-stick-meta":"","header-main-stick-meta":"","header-below-stick-meta":"","footnotes":""},"yoast_head":"<!-- This site is optimized with the Yoast SEO plugin v21.7 - https:\/\/yoast.com\/wordpress\/plugins\/seo\/ -->\n<title>Karta S. Makedonija sa gradovima i ulicama<\/title>\n<meta name=\"description\" content=\"Karte za gradove u S. Makedoniji koje prikazuju ulice, okolinu, kvartove, va\u017ene institucije, lokacije, prodavnice, apoteke i drugo, a kao auto karte olak\u0161avaju navigaciju kroz mesta\" \/>\n<meta name=\"robots\" content=\"index, follow, max-snippet:-1, max-image-preview:large, max-video-preview:-1\" \/>\n<link rel=\"canonical\" href=\"https:\/\/www.vidipozitivno.club\/mk\/karta-makedonija\/\" \/>\n<meta property=\"og:locale\" content=\"sr_RS\" \/>\n<meta property=\"og:type\" content=\"article\" \/>\n<meta property=\"og:title\" content=\"Karta S. Makedonija sa gradovima i ulicama\" \/>\n<meta property=\"og:description\" content=\"Karte za gradove u S. Makedoniji koje prikazuju ulice, okolinu, kvartove, va\u017ene institucije, lokacije, prodavnice, apoteke i drugo, a kao auto karte olak\u0161avaju navigaciju kroz mesta\" \/>\n<meta property=\"og:url\" content=\"https:\/\/www.vidipozitivno.club\/mk\/karta-makedonija\/\" \/>\n<meta property=\"og:site_name\" content=\"Vremenska prognoza Makedonija\" \/>\n<meta property=\"article:modified_time\" content=\"2021-07-11T16:34:41+00:00\" \/>\n<meta name=\"twitter:card\" content=\"summary_large_image\" \/>\n<script type=\"application\/ld+json\" class=\"yoast-schema-graph\">{\"@context\":\"https:\/\/schema.org\",\"@graph\":[{\"@type\":\"WebPage\",\"@id\":\"https:\/\/www.vidipozitivno.club\/mk\/karta-makedonija\/\",\"url\":\"https:\/\/www.vidipozitivno.club\/mk\/karta-makedonija\/\",\"name\":\"Karta S. Makedonija sa gradovima i ulicama\",\"isPartOf\":{\"@id\":\"https:\/\/www.vidipozitivno.club\/mk\/#website\"},\"datePublished\":\"2021-03-30T15:33:26+00:00\",\"dateModified\":\"2021-07-11T16:34:41+00:00\",\"description\":\"Karte za gradove u S. Makedoniji koje prikazuju ulice, okolinu, kvartove, va\u017ene institucije, lokacije, prodavnice, apoteke i drugo, a kao auto karte olak\u0161avaju navigaciju kroz mesta\",\"inLanguage\":\"sr-RS\",\"potentialAction\":[{\"@type\":\"ReadAction\",\"target\":[\"https:\/\/www.vidipozitivno.club\/mk\/karta-makedonija\/\"]}]},{\"@type\":\"WebSite\",\"@id\":\"https:\/\/www.vidipozitivno.club\/mk\/#website\",\"url\":\"https:\/\/www.vidipozitivno.club\/mk\/\",\"name\":\"Vremenska prognoza Makedonija\",\"description\":\"\",\"potentialAction\":[{\"@type\":\"SearchAction\",\"target\":{\"@type\":\"EntryPoint\",\"urlTemplate\":\"https:\/\/www.vidipozitivno.club\/mk\/?s={search_term_string}\"},\"query-input\":\"required name=search_term_string\"}],\"inLanguage\":\"sr-RS\"}]}<\/script>\n<!-- \/ Yoast SEO plugin. -->","yoast_head_json":{"title":"Karta S. Makedonija sa gradovima i ulicama","description":"Karte za gradove u S. Makedoniji koje prikazuju ulice, okolinu, kvartove, va\u017ene institucije, lokacije, prodavnice, apoteke i drugo, a kao auto karte olak\u0161avaju navigaciju kroz mesta","robots":{"index":"index","follow":"follow","max-snippet":"max-snippet:-1","max-image-preview":"max-image-preview:large","max-video-preview":"max-video-preview:-1"},"canonical":"https:\/\/www.vidipozitivno.club\/mk\/karta-makedonija\/","og_locale":"sr_RS","og_type":"article","og_title":"Karta S. Makedonija sa gradovima i ulicama","og_description":"Karte za gradove u S. Makedoniji koje prikazuju ulice, okolinu, kvartove, va\u017ene institucije, lokacije, prodavnice, apoteke i drugo, a kao auto karte olak\u0161avaju navigaciju kroz mesta","og_url":"https:\/\/www.vidipozitivno.club\/mk\/karta-makedonija\/","og_site_name":"Vremenska prognoza Makedonija","article_modified_time":"2021-07-11T16:34:41+00:00","twitter_card":"summary_large_image","schema":{"@context":"https:\/\/schema.org","@graph":[{"@type":"WebPage","@id":"https:\/\/www.vidipozitivno.club\/mk\/karta-makedonija\/","url":"https:\/\/www.vidipozitivno.club\/mk\/karta-makedonija\/","name":"Karta S. Makedonija sa gradovima i ulicama","isPartOf":{"@id":"https:\/\/www.vidipozitivno.club\/mk\/#website"},"datePublished":"2021-03-30T15:33:26+00:00","dateModified":"2021-07-11T16:34:41+00:00","description":"Karte za gradove u S. Makedoniji koje prikazuju ulice, okolinu, kvartove, va\u017ene institucije, lokacije, prodavnice, apoteke i drugo, a kao auto karte olak\u0161avaju navigaciju kroz mesta","inLanguage":"sr-RS","potentialAction":[{"@type":"ReadAction","target":["https:\/\/www.vidipozitivno.club\/mk\/karta-makedonija\/"]}]},{"@type":"WebSite","@id":"https:\/\/www.vidipozitivno.club\/mk\/#website","url":"https:\/\/www.vidipozitivno.club\/mk\/","name":"Vremenska prognoza Makedonija","description":"","potentialAction":[{"@type":"SearchAction","target":{"@type":"EntryPoint","urlTemplate":"https:\/\/www.vidipozitivno.club\/mk\/?s={search_term_string}"},"query-input":"required name=search_term_string"}],"inLanguage":"sr-RS"}]}},"_links":{"self":[{"href":"https:\/\/www.vidipozitivno.club\/mk\/wp-json\/wp\/v2\/pages\/21"}],"collection":[{"href":"https:\/\/www.vidipozitivno.club\/mk\/wp-json\/wp\/v2\/pages"}],"about":[{"href":"https:\/\/www.vidipozitivno.club\/mk\/wp-json\/wp\/v2\/types\/page"}],"author":[{"embeddable":true,"href":"https:\/\/www.vidipozitivno.club\/mk\/wp-json\/wp\/v2\/users\/1"}],"replies":[{"embeddable":true,"href":"https:\/\/www.vidipozitivno.club\/mk\/wp-json\/wp\/v2\/comments?post=21"}],"version-history":[{"count":6,"href":"https:\/\/www.vidipozitivno.club\/mk\/wp-json\/wp\/v2\/pages\/21\/revisions"}],"predecessor-version":[{"id":7448,"href":"https:\/\/www.vidipozitivno.club\/mk\/wp-json\/wp\/v2\/pages\/21\/revisions\/7448"}],"wp:attachment":[{"href":"https:\/\/www.vidipozitivno.club\/mk\/wp-json\/wp\/v2\/media?parent=21"}],"curies":[{"name":"wp","href":"https:\/\/api.w.org\/{rel}","templated":true}]}}