{"id":21,"date":"2021-01-30T11:28:26","date_gmt":"2021-01-30T11:28:26","guid":{"rendered":"http:\/\/www.vidipozitivno.club\/hr\/?page_id=21"},"modified":"2021-12-24T00:10:10","modified_gmt":"2021-12-24T00:10:10","slug":"karta-hrvatska","status":"publish","type":"page","link":"https:\/\/www.vidipozitivno.club\/hr\/karta-hrvatska\/","title":{"rendered":"Karta Hrvatska sa gradovima i ulicama"},"content":{"rendered":"\n<p>Detaljne <strong>karte<\/strong> za ve\u0107e gradove i mjesta u Hrvatskoj koje prikazuju ulice, okolicu, \u010detvrti, va\u017ene institucije, objekte, lokacije, trgovine, ljekarne i jo\u0161 mnogo toga, a kao auto karte olak\u0161avaju i navigaciju kroz mjesta.<\/p>\n<p>Ove <strong>karte za Hrvatsku<\/strong> su interaktivne jer se po\u010detni prikaz mo\u017ee povec\u0301ati ili smanjiti i pomjerati da bi se vidjelo vi\u0161e detalja i ulice na mapi.<\/p>\n<p>Karte za:<br \/>\n<a href=\"http:\/\/www.vidipozitivno.club\/hr\/karta-hrvatska\/karta-zagreb\/\" class=\"abutton\">Zagreb<\/a><br \/>\n<a href=\"http:\/\/www.vidipozitivno.club\/hr\/karta-hrvatska\/karta-split\/\" class=\"abutton\">Split<\/a><br \/>\n<a href=\"http:\/\/www.vidipozitivno.club\/hr\/karta-hrvatska\/karta-rijeka\/\" class=\"abutton\">Rijeka<\/a><br \/>\n<a href=\"http:\/\/www.vidipozitivno.club\/hr\/karta-hrvatska\/karta-osijek\/\" class=\"abutton\">Osijek<\/a><br \/>\n<a href=\"http:\/\/www.vidipozitivno.club\/hr\/karta-hrvatska\/karta-zadar\/\" class=\"abutton\">Zadar<\/a><br \/>\n<a href=\"http:\/\/www.vidipozitivno.club\/hr\/karta-hrvatska\/karta-slavonski-brod\/\" class=\"abutton\">Slavonski Brod<\/a><br \/>\n<a href=\"http:\/\/www.vidipozitivno.club\/hr\/karta-hrvatska\/karta-pula\/\" class=\"abutton\">Pula<\/a><br \/>\n<a href=\"http:\/\/www.vidipozitivno.club\/hr\/karta-hrvatska\/karta-sesvete\/\" class=\"abutton\">Sesvete<\/a><br \/>\n<a href=\"http:\/\/www.vidipozitivno.club\/hr\/karta-hrvatska\/karta-kastela\/\" class=\"abutton\">Ka\u0161tela<\/a><br \/>\n<a href=\"http:\/\/www.vidipozitivno.club\/hr\/karta-hrvatska\/karta-karlovac\/\" class=\"abutton\">Karlovac<\/a><br \/>\n<a href=\"http:\/\/www.vidipozitivno.club\/hr\/karta-hrvatska\/karta-sisak\/\" class=\"abutton\">Sisak<\/a><br \/>\n<a href=\"http:\/\/www.vidipozitivno.club\/hr\/karta-hrvatska\/karta-dubrovnik\/\" class=\"abutton\">Dubrovnik<\/a><br \/>\n<a href=\"http:\/\/www.vidipozitivno.club\/hr\/karta-hrvatska\/karta-varazdin\/\" class=\"abutton\">Vara\u017edin<\/a><br \/>\n<a href=\"http:\/\/www.vidipozitivno.club\/hr\/karta-hrvatska\/karta-sibenik\/\" class=\"abutton\">\u0160ibenik<\/a><br \/>\n<a href=\"http:\/\/www.vidipozitivno.club\/hr\/karta-hrvatska\/karta-velika-gorica\/\">Velika Gorica<\/a><br \/>\n<a href=\"http:\/\/www.vidipozitivno.club\/hr\/karta-hrvatska\/karta-vinkovci\/\">Vinkovci<\/a><br \/>\n<a href=\"http:\/\/www.vidipozitivno.club\/hr\/karta-hrvatska\/karta-vukovar\/\">Vukovar<\/a><br \/>\n<a href=\"http:\/\/www.vidipozitivno.club\/hr\/karta-hrvatska\/karta-bjelovar\/\">Bjelovar<\/a><br \/>\n<a href=\"http:\/\/www.vidipozitivno.club\/hr\/karta-hrvatska\/karta-koprivnica\/\">Koprivnica<\/a><br \/>\n<a href=\"http:\/\/www.vidipozitivno.club\/hr\/karta-hrvatska\/karta-djakovo\/\">\u0110akovo<\/a><br \/>\n<a href=\"http:\/\/www.vidipozitivno.club\/hr\/karta-hrvatska\/karta-pozega\/\">Po\u017eega<\/a><br \/>\n<a href=\"http:\/\/www.vidipozitivno.club\/hr\/karta-hrvatska\/karta-zapresic\/\">Zapre\u0161i\u0107<\/a><br \/>\n<a href=\"http:\/\/www.vidipozitivno.club\/hr\/karta-hrvatska\/karta-solin\/\">Solin<\/a><br \/>\n<a href=\"http:\/\/www.vidipozitivno.club\/hr\/karta-hrvatska\/karta-cakovec\/\">\u010cakovec<\/a><br \/>\n<a href=\"http:\/\/www.vidipozitivno.club\/hr\/karta-hrvatska\/karta-virovitica\/\">Virovitica<\/a><br \/>\n<a href=\"http:\/\/www.vidipozitivno.club\/hr\/karta-hrvatska\/karta-samobor\/\">Samobor<\/a><br \/>\n<a href=\"http:\/\/www.vidipozitivno.club\/hr\/karta-hrvatska\/karta-kutina\/\">Kutina<\/a><br \/>\n<a href=\"http:\/\/www.vidipozitivno.club\/hr\/karta-hrvatska\/karta-metkovic\/\">Metkovi\u0107<\/a><br \/>\n<a href=\"http:\/\/www.vidipozitivno.club\/hr\/karta-hrvatska\/karta-petrinja\/\">Petrinja<\/a><br \/>\n<a href=\"http:\/\/www.vidipozitivno.club\/hr\/karta-hrvatska\/karta-zupanja\/\">\u017dupanja<\/a><br \/>\n<a href=\"http:\/\/www.vidipozitivno.club\/hr\/karta-hrvatska\/karta-rovinj\/\">Rovinj<\/a><br \/>\n<a href=\"http:\/\/www.vidipozitivno.club\/hr\/karta-hrvatska\/karta-makarska\/\">Makarska<\/a><br \/>\n<a href=\"http:\/\/www.vidipozitivno.club\/hr\/karta-hrvatska\/karta-nova-gradiska\/\">Nova Gradi\u0161ka<\/a><br \/>\n<a href=\"http:\/\/www.vidipozitivno.club\/hr\/karta-hrvatska\/karta-krizevci\/\">Kri\u017eevci<\/a><br \/>\n<a href=\"http:\/\/www.vidipozitivno.club\/hr\/karta-hrvatska\/karta-sinj\/\">Sinj<\/a><br \/>\n<a href=\"http:\/\/www.vidipozitivno.club\/hr\/karta-hrvatska\/karta-knin\/\">Knin<\/a><br \/>\n<a href=\"http:\/\/www.vidipozitivno.club\/hr\/karta-hrvatska\/karta-slatina\/\">Slatina<\/a><br \/>\n<a href=\"http:\/\/www.vidipozitivno.club\/hr\/karta-hrvatska\/karta-trogir\/\">Trogir<\/a><br \/>\n<a href=\"http:\/\/www.vidipozitivno.club\/hr\/karta-hrvatska\/karta-porec\/\">Pore\u010d<\/a><br \/>\n<a href=\"http:\/\/www.vidipozitivno.club\/hr\/karta-hrvatska\/karta-opatija\/\">Opatija<\/a><\/p>\n","protected":false},"excerpt":{"rendered":"<p>Detaljne karte za ve\u0107e gradove i mjesta u Hrvatskoj koje prikazuju ulice, okolicu, \u010detvrti, va\u017ene institucije, objekte, lokacije, trgovine, ljekarne i jo\u0161 mnogo toga, a kao auto karte olak\u0161avaju i navigaciju kroz mjesta. Ove karte za Hrvatsku su interaktivne jer se po\u010detni prikaz mo\u017ee povec\u0301ati ili smanjiti i pomjerati da bi se vidjelo vi\u0161e detalja &hellip;<\/p>\n<p class=\"read-more\"> <a class=\"\" href=\"https:\/\/www.vidipozitivno.club\/hr\/karta-hrvatska\/\"> <span class=\"screen-reader-text\">Karta Hrvatska sa gradovima i ulicama<\/span> Read More &raquo;<\/a><\/p>\n","protected":false},"author":1,"featured_media":0,"parent":0,"menu_order":0,"comment_status":"closed","ping_status":"closed","template":"","meta":{"site-sidebar-layout":"default","site-content-layout":"default","ast-main-header-display":"","ast-hfb-above-header-display":"","ast-hfb-below-header-display":"","ast-hfb-mobile-header-display":"","site-post-title":"","ast-breadcrumbs-content":"","ast-featured-img":"","footer-sml-layout":"","theme-transparent-header-meta":"","adv-header-id-meta":"","stick-header-meta":"","header-above-stick-meta":"","header-main-stick-meta":"","header-below-stick-meta":"","footnotes":""},"yoast_head":"<!-- This site is optimized with the Yoast SEO plugin v21.7 - https:\/\/yoast.com\/wordpress\/plugins\/seo\/ -->\n<title>Karta Hrvatska sa gradovima i ulicama<\/title>\n<meta name=\"description\" content=\"Karte za gradove u Hrvatskoj koje prikazuju ulice, okolicu, \u010detvrti, va\u017ene institucije, lokacije, trgovine, ljekarne i jo\u0161 mnogo toga, kao auto karte olak\u0161avaju i navigaciju kroz mjesta\" \/>\n<meta name=\"robots\" content=\"index, follow, max-snippet:-1, max-image-preview:large, max-video-preview:-1\" \/>\n<link rel=\"canonical\" href=\"https:\/\/www.vidipozitivno.club\/hr\/karta-hrvatska\/\" \/>\n<meta property=\"og:locale\" content=\"hr_HR\" \/>\n<meta property=\"og:type\" content=\"article\" \/>\n<meta property=\"og:title\" content=\"Karta Hrvatska sa gradovima i ulicama\" \/>\n<meta property=\"og:description\" content=\"Karte za gradove u Hrvatskoj koje prikazuju ulice, okolicu, \u010detvrti, va\u017ene institucije, lokacije, trgovine, ljekarne i jo\u0161 mnogo toga, kao auto karte olak\u0161avaju i navigaciju kroz mjesta\" \/>\n<meta property=\"og:url\" content=\"https:\/\/www.vidipozitivno.club\/hr\/karta-hrvatska\/\" \/>\n<meta property=\"og:site_name\" content=\"Vremenska prognoza Hrvatska\" \/>\n<meta property=\"article:modified_time\" content=\"2021-12-24T00:10:10+00:00\" \/>\n<meta name=\"twitter:card\" content=\"summary_large_image\" \/>\n<meta name=\"twitter:label1\" content=\"Procijenjeno vrijeme \u010ditanja\" \/>\n\t<meta name=\"twitter:data1\" content=\"1 minuta\" \/>\n<script type=\"application\/ld+json\" class=\"yoast-schema-graph\">{\"@context\":\"https:\/\/schema.org\",\"@graph\":[{\"@type\":\"WebPage\",\"@id\":\"https:\/\/www.vidipozitivno.club\/hr\/karta-hrvatska\/\",\"url\":\"https:\/\/www.vidipozitivno.club\/hr\/karta-hrvatska\/\",\"name\":\"Karta Hrvatska sa gradovima i ulicama\",\"isPartOf\":{\"@id\":\"https:\/\/www.vidipozitivno.club\/hr\/#website\"},\"datePublished\":\"2021-01-30T11:28:26+00:00\",\"dateModified\":\"2021-12-24T00:10:10+00:00\",\"description\":\"Karte za gradove u Hrvatskoj koje prikazuju ulice, okolicu, \u010detvrti, va\u017ene institucije, lokacije, trgovine, ljekarne i jo\u0161 mnogo toga, kao auto karte olak\u0161avaju i navigaciju kroz mjesta\",\"inLanguage\":\"hr\",\"potentialAction\":[{\"@type\":\"ReadAction\",\"target\":[\"https:\/\/www.vidipozitivno.club\/hr\/karta-hrvatska\/\"]}]},{\"@type\":\"WebSite\",\"@id\":\"https:\/\/www.vidipozitivno.club\/hr\/#website\",\"url\":\"https:\/\/www.vidipozitivno.club\/hr\/\",\"name\":\"Vremenska prognoza Hrvatska\",\"description\":\"vrijeme za 7 dana\",\"potentialAction\":[{\"@type\":\"SearchAction\",\"target\":{\"@type\":\"EntryPoint\",\"urlTemplate\":\"https:\/\/www.vidipozitivno.club\/hr\/?s={search_term_string}\"},\"query-input\":\"required name=search_term_string\"}],\"inLanguage\":\"hr\"}]}<\/script>\n<!-- \/ Yoast SEO plugin. -->","yoast_head_json":{"title":"Karta Hrvatska sa gradovima i ulicama","description":"Karte za gradove u Hrvatskoj koje prikazuju ulice, okolicu, \u010detvrti, va\u017ene institucije, lokacije, trgovine, ljekarne i jo\u0161 mnogo toga, kao auto karte olak\u0161avaju i navigaciju kroz mjesta","robots":{"index":"index","follow":"follow","max-snippet":"max-snippet:-1","max-image-preview":"max-image-preview:large","max-video-preview":"max-video-preview:-1"},"canonical":"https:\/\/www.vidipozitivno.club\/hr\/karta-hrvatska\/","og_locale":"hr_HR","og_type":"article","og_title":"Karta Hrvatska sa gradovima i ulicama","og_description":"Karte za gradove u Hrvatskoj koje prikazuju ulice, okolicu, \u010detvrti, va\u017ene institucije, lokacije, trgovine, ljekarne i jo\u0161 mnogo toga, kao auto karte olak\u0161avaju i navigaciju kroz mjesta","og_url":"https:\/\/www.vidipozitivno.club\/hr\/karta-hrvatska\/","og_site_name":"Vremenska prognoza Hrvatska","article_modified_time":"2021-12-24T00:10:10+00:00","twitter_card":"summary_large_image","twitter_misc":{"Procijenjeno vrijeme \u010ditanja":"1 minuta"},"schema":{"@context":"https:\/\/schema.org","@graph":[{"@type":"WebPage","@id":"https:\/\/www.vidipozitivno.club\/hr\/karta-hrvatska\/","url":"https:\/\/www.vidipozitivno.club\/hr\/karta-hrvatska\/","name":"Karta Hrvatska sa gradovima i ulicama","isPartOf":{"@id":"https:\/\/www.vidipozitivno.club\/hr\/#website"},"datePublished":"2021-01-30T11:28:26+00:00","dateModified":"2021-12-24T00:10:10+00:00","description":"Karte za gradove u Hrvatskoj koje prikazuju ulice, okolicu, \u010detvrti, va\u017ene institucije, lokacije, trgovine, ljekarne i jo\u0161 mnogo toga, kao auto karte olak\u0161avaju i navigaciju kroz mjesta","inLanguage":"hr","potentialAction":[{"@type":"ReadAction","target":["https:\/\/www.vidipozitivno.club\/hr\/karta-hrvatska\/"]}]},{"@type":"WebSite","@id":"https:\/\/www.vidipozitivno.club\/hr\/#website","url":"https:\/\/www.vidipozitivno.club\/hr\/","name":"Vremenska prognoza Hrvatska","description":"vrijeme za 7 dana","potentialAction":[{"@type":"SearchAction","target":{"@type":"EntryPoint","urlTemplate":"https:\/\/www.vidipozitivno.club\/hr\/?s={search_term_string}"},"query-input":"required name=search_term_string"}],"inLanguage":"hr"}]}},"_links":{"self":[{"href":"https:\/\/www.vidipozitivno.club\/hr\/wp-json\/wp\/v2\/pages\/21"}],"collection":[{"href":"https:\/\/www.vidipozitivno.club\/hr\/wp-json\/wp\/v2\/pages"}],"about":[{"href":"https:\/\/www.vidipozitivno.club\/hr\/wp-json\/wp\/v2\/types\/page"}],"author":[{"embeddable":true,"href":"https:\/\/www.vidipozitivno.club\/hr\/wp-json\/wp\/v2\/users\/1"}],"replies":[{"embeddable":true,"href":"https:\/\/www.vidipozitivno.club\/hr\/wp-json\/wp\/v2\/comments?post=21"}],"version-history":[{"count":1,"href":"https:\/\/www.vidipozitivno.club\/hr\/wp-json\/wp\/v2\/pages\/21\/revisions"}],"predecessor-version":[{"id":6857,"href":"https:\/\/www.vidipozitivno.club\/hr\/wp-json\/wp\/v2\/pages\/21\/revisions\/6857"}],"wp:attachment":[{"href":"https:\/\/www.vidipozitivno.club\/hr\/wp-json\/wp\/v2\/media?parent=21"}],"curies":[{"name":"wp","href":"https:\/\/api.w.org\/{rel}","templated":true}]}}