{"id":481,"date":"2021-04-04T14:37:14","date_gmt":"2021-04-04T14:37:14","guid":{"rendered":"http:\/\/www.vidipozitivno.club\/de\/karta-magdeburg-sachsen-anhalt\/"},"modified":"2021-04-04T14:37:14","modified_gmt":"2021-04-04T14:37:14","slug":"karta-magdeburg-sachsen-anhalt","status":"publish","type":"page","link":"https:\/\/www.vidipozitivno.club\/de\/karta-njemacka\/karta-magdeburg-sachsen-anhalt\/","title":{"rendered":"Karta za Magdeburg (Sachsen-Anhalt) i ulice"},"content":{"rendered":"<p>Ova <strong>karta za Magdeburg (Sachsen-Anhalt)<\/strong> je interaktivna jer se po\u010detni prikaz mo\u017ee pove\u0107avati ili smanjivati i pomjerati kako bi se vidjelo vi\u0161e detalja i ulice na mapi.<\/p>\n<p><!--Magdeburg--><!--Magdeburg (Sachsen-Anhalt)--><\/p>\n<p>Pogledajte i druge <a href=\"http:\/\/www.vidipozitivno.club\/de\/karta-njemacka\/\">karte Njema\u010dke<\/a> s gradovima i mjestima.<\/p>\n<p>Karta za Magdeburg prikazuje zemljopisni pregled ulica, \u010detvrti, va\u017enih institucija, objekata, lokacija, trgovina, ljekarni i jo\u0161 mnogo toga, a kao auto karta olak\u0161ava i navigaciju kroz mjesto.<\/p>\n<p>Vremenska prognoza <a href=\"http:\/\/www.vidipozitivno.club\/de\/vremenska-prognoza-njemacka\/vremenska-prognoza-magdeburg-sachsen-anhalt\/\">7-dnevna za Magdeburg<\/a>, Sachsen-Anhalt.<\/p>\n","protected":false},"excerpt":{"rendered":"<p>Ova karta za Magdeburg (Sachsen-Anhalt) je interaktivna jer se po\u010detni prikaz mo\u017ee pove\u0107avati ili smanjivati i pomjerati kako bi se vidjelo vi\u0161e detalja i ulice na mapi. Pogledajte i druge karte Njema\u010dke s gradovima i mjestima. Karta za Magdeburg prikazuje zemljopisni pregled ulica, \u010detvrti, va\u017enih institucija, objekata, lokacija, trgovina, ljekarni i jo\u0161 mnogo toga, a &hellip;<\/p>\n<p class=\"read-more\"> <a class=\"\" href=\"https:\/\/www.vidipozitivno.club\/de\/karta-njemacka\/karta-magdeburg-sachsen-anhalt\/\"> <span class=\"screen-reader-text\">Karta za Magdeburg (Sachsen-Anhalt) i ulice<\/span> Read More &raquo;<\/a><\/p>\n","protected":false},"author":1,"featured_media":0,"parent":441,"menu_order":0,"comment_status":"closed","ping_status":"closed","template":"","meta":{"site-sidebar-layout":"default","site-content-layout":"default","ast-main-header-display":"","ast-hfb-above-header-display":"","ast-hfb-below-header-display":"","ast-hfb-mobile-header-display":"","site-post-title":"","ast-breadcrumbs-content":"","ast-featured-img":"","footer-sml-layout":"","theme-transparent-header-meta":"","adv-header-id-meta":"","stick-header-meta":"","header-above-stick-meta":"","header-main-stick-meta":"","header-below-stick-meta":"","footnotes":""},"yoast_head":"<!-- This site is optimized with the Yoast SEO plugin v21.7 - https:\/\/yoast.com\/wordpress\/plugins\/seo\/ -->\n<title>Karta za Magdeburg (Sachsen-Anhalt) i ulice<\/title>\n<meta name=\"robots\" content=\"index, follow, max-snippet:-1, max-image-preview:large, max-video-preview:-1\" \/>\n<link rel=\"canonical\" href=\"https:\/\/www.vidipozitivno.club\/de\/karta-njemacka\/karta-magdeburg-sachsen-anhalt\/\" \/>\n<meta property=\"og:locale\" content=\"hr_HR\" \/>\n<meta property=\"og:type\" content=\"article\" \/>\n<meta property=\"og:title\" content=\"Karta za Magdeburg (Sachsen-Anhalt) i ulice\" \/>\n<meta property=\"og:description\" content=\"Ova karta za Magdeburg (Sachsen-Anhalt) je interaktivna jer se po\u010detni prikaz mo\u017ee pove\u0107avati ili smanjivati i pomjerati kako bi se vidjelo vi\u0161e detalja i ulice na mapi. Pogledajte i druge karte Njema\u010dke s gradovima i mjestima. Karta za Magdeburg prikazuje zemljopisni pregled ulica, \u010detvrti, va\u017enih institucija, objekata, lokacija, trgovina, ljekarni i jo\u0161 mnogo toga, a &hellip; Karta za Magdeburg (Sachsen-Anhalt) i ulice Read More &raquo;\" \/>\n<meta property=\"og:url\" content=\"https:\/\/www.vidipozitivno.club\/de\/karta-njemacka\/karta-magdeburg-sachsen-anhalt\/\" \/>\n<meta property=\"og:site_name\" content=\"Vremenska prognoza Njema\u010dka\" \/>\n<meta name=\"twitter:card\" content=\"summary_large_image\" \/>\n<script type=\"application\/ld+json\" class=\"yoast-schema-graph\">{\"@context\":\"https:\/\/schema.org\",\"@graph\":[{\"@type\":\"WebPage\",\"@id\":\"https:\/\/www.vidipozitivno.club\/de\/karta-njemacka\/karta-magdeburg-sachsen-anhalt\/\",\"url\":\"https:\/\/www.vidipozitivno.club\/de\/karta-njemacka\/karta-magdeburg-sachsen-anhalt\/\",\"name\":\"Karta za Magdeburg (Sachsen-Anhalt) i ulice\",\"isPartOf\":{\"@id\":\"https:\/\/www.vidipozitivno.club\/de\/#website\"},\"datePublished\":\"2021-04-04T14:37:14+00:00\",\"dateModified\":\"2021-04-04T14:37:14+00:00\",\"breadcrumb\":{\"@id\":\"https:\/\/www.vidipozitivno.club\/de\/karta-njemacka\/karta-magdeburg-sachsen-anhalt\/#breadcrumb\"},\"inLanguage\":\"hr\",\"potentialAction\":[{\"@type\":\"ReadAction\",\"target\":[\"https:\/\/www.vidipozitivno.club\/de\/karta-njemacka\/karta-magdeburg-sachsen-anhalt\/\"]}]},{\"@type\":\"BreadcrumbList\",\"@id\":\"https:\/\/www.vidipozitivno.club\/de\/karta-njemacka\/karta-magdeburg-sachsen-anhalt\/#breadcrumb\",\"itemListElement\":[{\"@type\":\"ListItem\",\"position\":1,\"name\":\"Karta Njema\u010dka s gradovima i ulicama\",\"item\":\"https:\/\/www.vidipozitivno.club\/de\/karta-njemacka\/\"},{\"@type\":\"ListItem\",\"position\":2,\"name\":\"Karta za Magdeburg (Sachsen-Anhalt) i ulice\"}]},{\"@type\":\"WebSite\",\"@id\":\"https:\/\/www.vidipozitivno.club\/de\/#website\",\"url\":\"https:\/\/www.vidipozitivno.club\/de\/\",\"name\":\"Vremenska prognoza Njema\u010dka\",\"description\":\"\",\"potentialAction\":[{\"@type\":\"SearchAction\",\"target\":{\"@type\":\"EntryPoint\",\"urlTemplate\":\"https:\/\/www.vidipozitivno.club\/de\/?s={search_term_string}\"},\"query-input\":\"required name=search_term_string\"}],\"inLanguage\":\"hr\"}]}<\/script>\n<!-- \/ Yoast SEO plugin. -->","yoast_head_json":{"title":"Karta za Magdeburg (Sachsen-Anhalt) i ulice","robots":{"index":"index","follow":"follow","max-snippet":"max-snippet:-1","max-image-preview":"max-image-preview:large","max-video-preview":"max-video-preview:-1"},"canonical":"https:\/\/www.vidipozitivno.club\/de\/karta-njemacka\/karta-magdeburg-sachsen-anhalt\/","og_locale":"hr_HR","og_type":"article","og_title":"Karta za Magdeburg (Sachsen-Anhalt) i ulice","og_description":"Ova karta za Magdeburg (Sachsen-Anhalt) je interaktivna jer se po\u010detni prikaz mo\u017ee pove\u0107avati ili smanjivati i pomjerati kako bi se vidjelo vi\u0161e detalja i ulice na mapi. Pogledajte i druge karte Njema\u010dke s gradovima i mjestima. Karta za Magdeburg prikazuje zemljopisni pregled ulica, \u010detvrti, va\u017enih institucija, objekata, lokacija, trgovina, ljekarni i jo\u0161 mnogo toga, a &hellip; Karta za Magdeburg (Sachsen-Anhalt) i ulice Read More &raquo;","og_url":"https:\/\/www.vidipozitivno.club\/de\/karta-njemacka\/karta-magdeburg-sachsen-anhalt\/","og_site_name":"Vremenska prognoza Njema\u010dka","twitter_card":"summary_large_image","schema":{"@context":"https:\/\/schema.org","@graph":[{"@type":"WebPage","@id":"https:\/\/www.vidipozitivno.club\/de\/karta-njemacka\/karta-magdeburg-sachsen-anhalt\/","url":"https:\/\/www.vidipozitivno.club\/de\/karta-njemacka\/karta-magdeburg-sachsen-anhalt\/","name":"Karta za Magdeburg (Sachsen-Anhalt) i ulice","isPartOf":{"@id":"https:\/\/www.vidipozitivno.club\/de\/#website"},"datePublished":"2021-04-04T14:37:14+00:00","dateModified":"2021-04-04T14:37:14+00:00","breadcrumb":{"@id":"https:\/\/www.vidipozitivno.club\/de\/karta-njemacka\/karta-magdeburg-sachsen-anhalt\/#breadcrumb"},"inLanguage":"hr","potentialAction":[{"@type":"ReadAction","target":["https:\/\/www.vidipozitivno.club\/de\/karta-njemacka\/karta-magdeburg-sachsen-anhalt\/"]}]},{"@type":"BreadcrumbList","@id":"https:\/\/www.vidipozitivno.club\/de\/karta-njemacka\/karta-magdeburg-sachsen-anhalt\/#breadcrumb","itemListElement":[{"@type":"ListItem","position":1,"name":"Karta Njema\u010dka s gradovima i ulicama","item":"https:\/\/www.vidipozitivno.club\/de\/karta-njemacka\/"},{"@type":"ListItem","position":2,"name":"Karta za Magdeburg (Sachsen-Anhalt) i ulice"}]},{"@type":"WebSite","@id":"https:\/\/www.vidipozitivno.club\/de\/#website","url":"https:\/\/www.vidipozitivno.club\/de\/","name":"Vremenska prognoza Njema\u010dka","description":"","potentialAction":[{"@type":"SearchAction","target":{"@type":"EntryPoint","urlTemplate":"https:\/\/www.vidipozitivno.club\/de\/?s={search_term_string}"},"query-input":"required name=search_term_string"}],"inLanguage":"hr"}]}},"_links":{"self":[{"href":"https:\/\/www.vidipozitivno.club\/de\/wp-json\/wp\/v2\/pages\/481"}],"collection":[{"href":"https:\/\/www.vidipozitivno.club\/de\/wp-json\/wp\/v2\/pages"}],"about":[{"href":"https:\/\/www.vidipozitivno.club\/de\/wp-json\/wp\/v2\/types\/page"}],"author":[{"embeddable":true,"href":"https:\/\/www.vidipozitivno.club\/de\/wp-json\/wp\/v2\/users\/1"}],"replies":[{"embeddable":true,"href":"https:\/\/www.vidipozitivno.club\/de\/wp-json\/wp\/v2\/comments?post=481"}],"version-history":[{"count":0,"href":"https:\/\/www.vidipozitivno.club\/de\/wp-json\/wp\/v2\/pages\/481\/revisions"}],"up":[{"embeddable":true,"href":"https:\/\/www.vidipozitivno.club\/de\/wp-json\/wp\/v2\/pages\/441"}],"wp:attachment":[{"href":"https:\/\/www.vidipozitivno.club\/de\/wp-json\/wp\/v2\/media?parent=481"}],"curies":[{"name":"wp","href":"https:\/\/api.w.org\/{rel}","templated":true}]}}