{"id":28,"date":"2021-04-02T14:10:12","date_gmt":"2021-04-02T14:10:12","guid":{"rendered":"http:\/\/www.vidipozitivno.club\/ba\/karta-bosna-hercegovina\/karta-sarajevo\/"},"modified":"2021-07-09T15:34:26","modified_gmt":"2021-07-09T15:34:26","slug":"karta-sarajevo","status":"publish","type":"page","link":"https:\/\/www.vidipozitivno.club\/ba\/karta-bosna-hercegovina\/karta-sarajevo\/","title":{"rendered":"Karta za Sarajevo i ulice"},"content":{"rendered":"<p>Ova <strong>karta za Sarajevo<\/strong> (BiH) je interaktivna jer se po\u010detni prikaz mo\u017ee pove\u0107avati ili smanjivati i pomjerati kako bi se vidjelo vi\u0161e detalja i ulice na mapi.<\/p>\n<p><!--Sarajevo--><!--Sarajevo--><\/p>\n<p>Pogledajte i druge <a href=\"http:\/\/www.vidipozitivno.club\/ba\/karta-bosna-hercegovina\/\">mape Bosne i Hercegovine<\/a> s gradovima i mjestima.<\/p>\n<p>Karta za Sarajevo prikazuje zemljopisni pregled ulica, \u010detvrti, va\u017enih institucija, objekata, lokacija, trgovina, ljekarni i jo\u0161 mnogo toga, a kao <strong>auto karta<\/strong> olak\u0161ava i navigaciju kroz mjesto.<\/p>\n<p>Vremenska prognoza <a href=\"http:\/\/www.vidipozitivno.club\/ba\/vremenska-prognoza-bosna-hercegovina\/vremenska-prognoza-sarajevo\/\">7-dnevna za Sarajevo<\/a>.<\/p>\n","protected":false},"excerpt":{"rendered":"<p>Ova karta za Sarajevo (BiH) je interaktivna jer se po\u010detni prikaz mo\u017ee pove\u0107avati ili smanjivati i pomjerati kako bi se vidjelo vi\u0161e detalja i ulice na mapi. Pogledajte i druge mape Bosne i Hercegovine s gradovima i mjestima. Karta za Sarajevo prikazuje zemljopisni pregled ulica, \u010detvrti, va\u017enih institucija, objekata, lokacija, trgovina, ljekarni i jo\u0161 mnogo &hellip;<\/p>\n<p class=\"read-more\"> <a class=\"\" href=\"https:\/\/www.vidipozitivno.club\/ba\/karta-bosna-hercegovina\/karta-sarajevo\/\"> <span class=\"screen-reader-text\">Karta za Sarajevo i ulice<\/span> Read More &raquo;<\/a><\/p>\n","protected":false},"author":1,"featured_media":0,"parent":21,"menu_order":0,"comment_status":"closed","ping_status":"closed","template":"","meta":{"site-sidebar-layout":"default","site-content-layout":"default","ast-main-header-display":"","ast-hfb-above-header-display":"","ast-hfb-below-header-display":"","ast-hfb-mobile-header-display":"","site-post-title":"","ast-breadcrumbs-content":"","ast-featured-img":"","footer-sml-layout":"","theme-transparent-header-meta":"","adv-header-id-meta":"","stick-header-meta":"","header-above-stick-meta":"","header-main-stick-meta":"","header-below-stick-meta":"","footnotes":""},"yoast_head":"<!-- This site is optimized with the Yoast SEO plugin v21.7 - https:\/\/yoast.com\/wordpress\/plugins\/seo\/ -->\n<title>Karta za Sarajevo i ulice<\/title>\n<meta name=\"description\" content=\"Ova karta za Sarajevo (BiH) je interaktivna jer se po\u010detni prikaz mo\u017ee pove\u0107avati ili smanjivati i pomjerati kako bi se vidjelo vi\u0161e detalja i ulice na mapi\" \/>\n<meta name=\"robots\" content=\"index, follow, max-snippet:-1, max-image-preview:large, max-video-preview:-1\" \/>\n<link rel=\"canonical\" href=\"https:\/\/www.vidipozitivno.club\/ba\/karta-bosna-hercegovina\/karta-sarajevo\/\" \/>\n<meta property=\"og:locale\" content=\"hr_HR\" \/>\n<meta property=\"og:type\" content=\"article\" \/>\n<meta property=\"og:title\" content=\"Karta za Sarajevo i ulice\" \/>\n<meta property=\"og:description\" content=\"Ova karta za Sarajevo (BiH) je interaktivna jer se po\u010detni prikaz mo\u017ee pove\u0107avati ili smanjivati i pomjerati kako bi se vidjelo vi\u0161e detalja i ulice na mapi\" \/>\n<meta property=\"og:url\" content=\"https:\/\/www.vidipozitivno.club\/ba\/karta-bosna-hercegovina\/karta-sarajevo\/\" \/>\n<meta property=\"og:site_name\" content=\"Vremenska prognoza BiH\" \/>\n<meta property=\"article:modified_time\" content=\"2021-07-09T15:34:26+00:00\" \/>\n<meta name=\"twitter:card\" content=\"summary_large_image\" \/>\n<script type=\"application\/ld+json\" class=\"yoast-schema-graph\">{\"@context\":\"https:\/\/schema.org\",\"@graph\":[{\"@type\":\"WebPage\",\"@id\":\"https:\/\/www.vidipozitivno.club\/ba\/karta-bosna-hercegovina\/karta-sarajevo\/\",\"url\":\"https:\/\/www.vidipozitivno.club\/ba\/karta-bosna-hercegovina\/karta-sarajevo\/\",\"name\":\"Karta za Sarajevo i ulice\",\"isPartOf\":{\"@id\":\"https:\/\/www.vidipozitivno.club\/ba\/#website\"},\"datePublished\":\"2021-04-02T14:10:12+00:00\",\"dateModified\":\"2021-07-09T15:34:26+00:00\",\"description\":\"Ova karta za Sarajevo (BiH) je interaktivna jer se po\u010detni prikaz mo\u017ee pove\u0107avati ili smanjivati i pomjerati kako bi se vidjelo vi\u0161e detalja i ulice na mapi\",\"breadcrumb\":{\"@id\":\"https:\/\/www.vidipozitivno.club\/ba\/karta-bosna-hercegovina\/karta-sarajevo\/#breadcrumb\"},\"inLanguage\":\"hr\",\"potentialAction\":[{\"@type\":\"ReadAction\",\"target\":[\"https:\/\/www.vidipozitivno.club\/ba\/karta-bosna-hercegovina\/karta-sarajevo\/\"]}]},{\"@type\":\"BreadcrumbList\",\"@id\":\"https:\/\/www.vidipozitivno.club\/ba\/karta-bosna-hercegovina\/karta-sarajevo\/#breadcrumb\",\"itemListElement\":[{\"@type\":\"ListItem\",\"position\":1,\"name\":\"Karta Bosna i Hercegovina s gradovima i ulicama\",\"item\":\"https:\/\/www.vidipozitivno.club\/ba\/karta-bosna-hercegovina\/\"},{\"@type\":\"ListItem\",\"position\":2,\"name\":\"Karta za Sarajevo i ulice\"}]},{\"@type\":\"WebSite\",\"@id\":\"https:\/\/www.vidipozitivno.club\/ba\/#website\",\"url\":\"https:\/\/www.vidipozitivno.club\/ba\/\",\"name\":\"Vremenska prognoza BiH\",\"description\":\"vrijeme za 7 dana\",\"potentialAction\":[{\"@type\":\"SearchAction\",\"target\":{\"@type\":\"EntryPoint\",\"urlTemplate\":\"https:\/\/www.vidipozitivno.club\/ba\/?s={search_term_string}\"},\"query-input\":\"required name=search_term_string\"}],\"inLanguage\":\"hr\"}]}<\/script>\n<!-- \/ Yoast SEO plugin. -->","yoast_head_json":{"title":"Karta za Sarajevo i ulice","description":"Ova karta za Sarajevo (BiH) je interaktivna jer se po\u010detni prikaz mo\u017ee pove\u0107avati ili smanjivati i pomjerati kako bi se vidjelo vi\u0161e detalja i ulice na mapi","robots":{"index":"index","follow":"follow","max-snippet":"max-snippet:-1","max-image-preview":"max-image-preview:large","max-video-preview":"max-video-preview:-1"},"canonical":"https:\/\/www.vidipozitivno.club\/ba\/karta-bosna-hercegovina\/karta-sarajevo\/","og_locale":"hr_HR","og_type":"article","og_title":"Karta za Sarajevo i ulice","og_description":"Ova karta za Sarajevo (BiH) je interaktivna jer se po\u010detni prikaz mo\u017ee pove\u0107avati ili smanjivati i pomjerati kako bi se vidjelo vi\u0161e detalja i ulice na mapi","og_url":"https:\/\/www.vidipozitivno.club\/ba\/karta-bosna-hercegovina\/karta-sarajevo\/","og_site_name":"Vremenska prognoza BiH","article_modified_time":"2021-07-09T15:34:26+00:00","twitter_card":"summary_large_image","schema":{"@context":"https:\/\/schema.org","@graph":[{"@type":"WebPage","@id":"https:\/\/www.vidipozitivno.club\/ba\/karta-bosna-hercegovina\/karta-sarajevo\/","url":"https:\/\/www.vidipozitivno.club\/ba\/karta-bosna-hercegovina\/karta-sarajevo\/","name":"Karta za Sarajevo i ulice","isPartOf":{"@id":"https:\/\/www.vidipozitivno.club\/ba\/#website"},"datePublished":"2021-04-02T14:10:12+00:00","dateModified":"2021-07-09T15:34:26+00:00","description":"Ova karta za Sarajevo (BiH) je interaktivna jer se po\u010detni prikaz mo\u017ee pove\u0107avati ili smanjivati i pomjerati kako bi se vidjelo vi\u0161e detalja i ulice na mapi","breadcrumb":{"@id":"https:\/\/www.vidipozitivno.club\/ba\/karta-bosna-hercegovina\/karta-sarajevo\/#breadcrumb"},"inLanguage":"hr","potentialAction":[{"@type":"ReadAction","target":["https:\/\/www.vidipozitivno.club\/ba\/karta-bosna-hercegovina\/karta-sarajevo\/"]}]},{"@type":"BreadcrumbList","@id":"https:\/\/www.vidipozitivno.club\/ba\/karta-bosna-hercegovina\/karta-sarajevo\/#breadcrumb","itemListElement":[{"@type":"ListItem","position":1,"name":"Karta Bosna i Hercegovina s gradovima i ulicama","item":"https:\/\/www.vidipozitivno.club\/ba\/karta-bosna-hercegovina\/"},{"@type":"ListItem","position":2,"name":"Karta za Sarajevo i ulice"}]},{"@type":"WebSite","@id":"https:\/\/www.vidipozitivno.club\/ba\/#website","url":"https:\/\/www.vidipozitivno.club\/ba\/","name":"Vremenska prognoza BiH","description":"vrijeme za 7 dana","potentialAction":[{"@type":"SearchAction","target":{"@type":"EntryPoint","urlTemplate":"https:\/\/www.vidipozitivno.club\/ba\/?s={search_term_string}"},"query-input":"required name=search_term_string"}],"inLanguage":"hr"}]}},"_links":{"self":[{"href":"https:\/\/www.vidipozitivno.club\/ba\/wp-json\/wp\/v2\/pages\/28"}],"collection":[{"href":"https:\/\/www.vidipozitivno.club\/ba\/wp-json\/wp\/v2\/pages"}],"about":[{"href":"https:\/\/www.vidipozitivno.club\/ba\/wp-json\/wp\/v2\/types\/page"}],"author":[{"embeddable":true,"href":"https:\/\/www.vidipozitivno.club\/ba\/wp-json\/wp\/v2\/users\/1"}],"replies":[{"embeddable":true,"href":"https:\/\/www.vidipozitivno.club\/ba\/wp-json\/wp\/v2\/comments?post=28"}],"version-history":[{"count":1,"href":"https:\/\/www.vidipozitivno.club\/ba\/wp-json\/wp\/v2\/pages\/28\/revisions"}],"predecessor-version":[{"id":839,"href":"https:\/\/www.vidipozitivno.club\/ba\/wp-json\/wp\/v2\/pages\/28\/revisions\/839"}],"up":[{"embeddable":true,"href":"https:\/\/www.vidipozitivno.club\/ba\/wp-json\/wp\/v2\/pages\/21"}],"wp:attachment":[{"href":"https:\/\/www.vidipozitivno.club\/ba\/wp-json\/wp\/v2\/media?parent=28"}],"curies":[{"name":"wp","href":"https:\/\/api.w.org\/{rel}","templated":true}]}}